{"id":4303,"date":"2021-01-04T11:41:23","date_gmt":"2021-01-04T10:41:23","guid":{"rendered":"https:\/\/wahlspain.es\/tienda\/producto\/wahl-super-taper-edicion-centenario-2\/"},"modified":"2021-01-04T11:41:23","modified_gmt":"2021-01-04T10:41:23","slug":"wahl-super-taper-edicion-centenario-2","status":"publish","type":"product","link":"https:\/\/wahlspain.es\/tienda\/pt-pt\/producto\/wahl-super-taper-edicion-centenario-2\/","title":{"rendered":"WAHL Super Taper (Edi\u00e7\u00e3o do centen\u00e1rio)"},"content":{"rendered":"<h3>M\u00e1quina de corte profissional com cabo.<\/h3>\n<p>&nbsp;<\/p>\n<p>A clipper mais popular do mundo! Um \u00edcone da barbearia. Edi\u00e7\u00e3o especial centen\u00e1ria.<\/p>\n<ul>\n<li>Caracter\u00edsticas principais<\/li>\n<li>Trabalho cont\u00ednuo<\/li>\n<li>Motor eletromagn\u00e9tico V5000<\/li>\n<li>L\u00e2mina de a\u00e7o<\/li>\n<li>Largura de corte 40 mm<\/li>\n<li>Comprimento de corte 1 &#8211; 3,5 mm<\/li>\n<\/ul>\n","protected":false},"excerpt":{"rendered":"<p><strong>REF:<\/strong> 80619-016<\/p>\n","protected":false},"featured_media":2419,"comment_status":"open","ping_status":"closed","template":"","meta":{"site-sidebar-layout":"default","site-content-layout":"default","ast-global-header-display":"","ast-banner-title-visibility":"","ast-main-header-display":"","ast-hfb-above-header-display":"","ast-hfb-below-header-display":"","ast-hfb-mobile-header-display":"","site-post-title":"","ast-breadcrumbs-content":"","ast-featured-img":"","footer-sml-layout":"","theme-transparent-header-meta":"default","adv-header-id-meta":"","stick-header-meta":"","header-above-stick-meta":"","header-main-stick-meta":"","header-below-stick-meta":""},"product_cat":[580,815,1020,1254],"product_tag":[1437,1091,1435,1436,716],"publishpress_future_action":{"enabled":false,"date":"2026-04-16 18:51:03","action":"draft","terms":[],"taxonomy":"product_cat"},"_links":{"self":[{"href":"https:\/\/wahlspain.es\/tienda\/pt-pt\/wp-json\/wp\/v2\/product\/4303"}],"collection":[{"href":"https:\/\/wahlspain.es\/tienda\/pt-pt\/wp-json\/wp\/v2\/product"}],"about":[{"href":"https:\/\/wahlspain.es\/tienda\/pt-pt\/wp-json\/wp\/v2\/types\/product"}],"replies":[{"embeddable":true,"href":"https:\/\/wahlspain.es\/tienda\/pt-pt\/wp-json\/wp\/v2\/comments?post=4303"}],"wp:featuredmedia":[{"embeddable":true,"href":"https:\/\/wahlspain.es\/tienda\/pt-pt\/wp-json\/wp\/v2\/media\/2419"}],"wp:attachment":[{"href":"https:\/\/wahlspain.es\/tienda\/pt-pt\/wp-json\/wp\/v2\/media?parent=4303"}],"wp:term":[{"taxonomy":"product_cat","embeddable":true,"href":"https:\/\/wahlspain.es\/tienda\/pt-pt\/wp-json\/wp\/v2\/product_cat?post=4303"},{"taxonomy":"product_tag","embeddable":true,"href":"https:\/\/wahlspain.es\/tienda\/pt-pt\/wp-json\/wp\/v2\/product_tag?post=4303"}],"curies":[{"name":"wp","href":"https:\/\/api.w.org\/{rel}","templated":true}]}}