{"id":4049,"date":"2021-07-29T11:41:35","date_gmt":"2021-07-29T09:41:36","guid":{"rendered":"https:\/\/wahlspain.es\/tienda\/?post_type=product&#038;p=4049"},"modified":"2021-09-16T18:09:18","modified_gmt":"2021-09-16T16:09:18","slug":"recondicionado-pack-moser-neo-kit","status":"publish","type":"product","link":"https:\/\/wahlspain.es\/tienda\/pt-pt\/producto\/recondicionado-pack-moser-neo-kit\/","title":{"rendered":"*Recondicionado Pack MOSER NEO KIT"},"content":{"rendered":"<p><b>*RECONDICIONADO \/ MOSER NEO KIT &#8211; Edi\u00e7\u00e3o Limitada: bolsa de transporte, m\u00e1quina de corte, retocadora, plancha e secador MOSER\u00ae.<\/b><\/p>\n<ul>\n<li>Bolsa de transporte de alta qualidade<\/li>\n<li>M\u00e1quina de contornos MOSER NEO Liner<\/li>\n<li>Secador MOSER NEO Dry<\/li>\n<li>Alisador de cabelo estilo MOSER NEO<\/li>\n<\/ul>\n<h6>* Vers\u00e3o anterior \u00e0 atual, branca.<br \/>\n* M\u00e1quina com garantia de 1 ano.<\/h6>\n<p>&nbsp;<\/p>\n<p>&nbsp;<\/p>\n","protected":false},"excerpt":{"rendered":"<p><strong>REF:<\/strong> 1886-0100<\/p>\n","protected":false},"featured_media":4051,"comment_status":"closed","ping_status":"closed","template":"","meta":{"site-sidebar-layout":"default","site-content-layout":"default","ast-global-header-display":"","ast-banner-title-visibility":"","ast-main-header-display":"","ast-hfb-above-header-display":"","ast-hfb-below-header-display":"","ast-hfb-mobile-header-display":"","site-post-title":"","ast-breadcrumbs-content":"","ast-featured-img":"","footer-sml-layout":"","theme-transparent-header-meta":"default","adv-header-id-meta":"","stick-header-meta":"","header-above-stick-meta":"","header-main-stick-meta":"","header-below-stick-meta":""},"product_cat":[580,1043,1048,1049,1086,1082,1274,1273],"product_tag":[1423,1422,608],"publishpress_future_action":{"enabled":false,"date":"2026-04-16 18:45:41","action":"draft","terms":[],"taxonomy":"product_cat"},"_links":{"self":[{"href":"https:\/\/wahlspain.es\/tienda\/pt-pt\/wp-json\/wp\/v2\/product\/4049"}],"collection":[{"href":"https:\/\/wahlspain.es\/tienda\/pt-pt\/wp-json\/wp\/v2\/product"}],"about":[{"href":"https:\/\/wahlspain.es\/tienda\/pt-pt\/wp-json\/wp\/v2\/types\/product"}],"replies":[{"embeddable":true,"href":"https:\/\/wahlspain.es\/tienda\/pt-pt\/wp-json\/wp\/v2\/comments?post=4049"}],"wp:featuredmedia":[{"embeddable":true,"href":"https:\/\/wahlspain.es\/tienda\/pt-pt\/wp-json\/wp\/v2\/media\/4051"}],"wp:attachment":[{"href":"https:\/\/wahlspain.es\/tienda\/pt-pt\/wp-json\/wp\/v2\/media?parent=4049"}],"wp:term":[{"taxonomy":"product_cat","embeddable":true,"href":"https:\/\/wahlspain.es\/tienda\/pt-pt\/wp-json\/wp\/v2\/product_cat?post=4049"},{"taxonomy":"product_tag","embeddable":true,"href":"https:\/\/wahlspain.es\/tienda\/pt-pt\/wp-json\/wp\/v2\/product_tag?post=4049"}],"curies":[{"name":"wp","href":"https:\/\/api.w.org\/{rel}","templated":true}]}}