{"id":3945,"date":"2021-06-18T09:59:24","date_gmt":"2021-06-18T07:59:24","guid":{"rendered":"https:\/\/wahlspain.es\/tienda\/?post_type=product&#038;p=3945"},"modified":"2022-02-22T05:33:32","modified_gmt":"2022-02-22T04:33:32","slug":"promo-box-wahl-v2","status":"publish","type":"product","link":"https:\/\/wahlspain.es\/tienda\/pt-pt\/producto\/promo-box-wahl-v2\/","title":{"rendered":"Promo Box WAHL\u00ae V2"},"content":{"rendered":"<ul class=\"product-features\">\n<li>Este pack inclui:<\/li>\n<li>08110-316H\u00a0 M\u00e1quina de corte WAHL Balding + informa\u00e7\u00f5es do produto<\/li>\n<li>3615-0471 M\u00e1quina de barbear de viagem com bateria WAHL.<\/li>\n<li>0093-6035 Suporte para m\u00e1quina WAHL Silver.<\/li>\n<li>0093-0095 WAHL promo box<\/li>\n<li>0098-0110 Camiseta WAHL \/ Tamanho M (Se \u200b\u200bo usu\u00e1rio quiser outro tamanho pode indicar no final do pedido).<\/li>\n<li>0098-0240 Adesivo WAHL 2021 11 x 7 cm<\/li>\n<li>Folheto Informativo<\/li>\n<\/ul>\n","protected":false},"excerpt":{"rendered":"<p><strong>REF:<\/strong> 08110-316H &#8211; C2<\/p>\n","protected":false},"featured_media":3947,"comment_status":"closed","ping_status":"closed","template":"","meta":{"site-sidebar-layout":"default","site-content-layout":"default","ast-global-header-display":"","ast-banner-title-visibility":"","ast-main-header-display":"","ast-hfb-above-header-display":"","ast-hfb-below-header-display":"","ast-hfb-mobile-header-display":"","site-post-title":"","ast-breadcrumbs-content":"","ast-featured-img":"","footer-sml-layout":"","theme-transparent-header-meta":"default","adv-header-id-meta":"","stick-header-meta":"","header-above-stick-meta":"","header-main-stick-meta":"","header-below-stick-meta":""},"product_cat":[580,815,1020,1254,1251,1021],"product_tag":[1429],"publishpress_future_action":{"enabled":false,"date":"2026-04-18 10:38:17","action":"draft","terms":[],"taxonomy":"product_cat"},"_links":{"self":[{"href":"https:\/\/wahlspain.es\/tienda\/pt-pt\/wp-json\/wp\/v2\/product\/3945"}],"collection":[{"href":"https:\/\/wahlspain.es\/tienda\/pt-pt\/wp-json\/wp\/v2\/product"}],"about":[{"href":"https:\/\/wahlspain.es\/tienda\/pt-pt\/wp-json\/wp\/v2\/types\/product"}],"replies":[{"embeddable":true,"href":"https:\/\/wahlspain.es\/tienda\/pt-pt\/wp-json\/wp\/v2\/comments?post=3945"}],"wp:featuredmedia":[{"embeddable":true,"href":"https:\/\/wahlspain.es\/tienda\/pt-pt\/wp-json\/wp\/v2\/media\/3947"}],"wp:attachment":[{"href":"https:\/\/wahlspain.es\/tienda\/pt-pt\/wp-json\/wp\/v2\/media?parent=3945"}],"wp:term":[{"taxonomy":"product_cat","embeddable":true,"href":"https:\/\/wahlspain.es\/tienda\/pt-pt\/wp-json\/wp\/v2\/product_cat?post=3945"},{"taxonomy":"product_tag","embeddable":true,"href":"https:\/\/wahlspain.es\/tienda\/pt-pt\/wp-json\/wp\/v2\/product_tag?post=3945"}],"curies":[{"name":"wp","href":"https:\/\/api.w.org\/{rel}","templated":true}]}}