{"id":3920,"date":"2021-06-18T09:37:35","date_gmt":"2021-06-18T07:37:36","guid":{"rendered":"https:\/\/wahlspain.es\/tienda\/?post_type=product&#038;p=3920"},"modified":"2021-10-25T17:21:47","modified_gmt":"2021-10-25T15:21:47","slug":"promo-box-moser-v1","status":"publish","type":"product","link":"https:\/\/wahlspain.es\/tienda\/pt-pt\/producto\/promo-box-moser-v1\/","title":{"rendered":"Promo Box MOSER\u00ae V1"},"content":{"rendered":"<p><strong>Este pack inclui:<\/strong><\/p>\n<ul>\n<li>1877-0052 M\u00e1quina de corte MOSER Chrom2Style Blending Edition &#8211; + informa\u00e7\u00f5es do produto<\/li>\n<li>3615-0051 M\u00e1quina de barbear + informa\u00e7\u00f5es do produto<\/li>\n<li>0092-6330 Mini pincel para esmaecimento<\/li>\n<li>00980230 Camiseta Moser \/ Tamanho M (Se \u200b\u200bo usu\u00e1rio quiser outro tamanho pode indicar no final do pedido)<br \/>\n0092-2500 Adesivo MOSER 2021 &#8211; 9 x 9 cm<\/li>\n<li>Folheto informativa<\/li>\n<\/ul>\n","protected":false},"excerpt":{"rendered":"<p><strong>REF:<\/strong> 1877-0052-C<\/p>\n","protected":false},"featured_media":3922,"comment_status":"closed","ping_status":"closed","template":"","meta":{"site-sidebar-layout":"default","site-content-layout":"default","ast-global-header-display":"","ast-banner-title-visibility":"","ast-main-header-display":"","ast-hfb-above-header-display":"","ast-hfb-below-header-display":"","ast-hfb-mobile-header-display":"","site-post-title":"","ast-breadcrumbs-content":"","ast-featured-img":"","footer-sml-layout":"","theme-transparent-header-meta":"default","adv-header-id-meta":"","stick-header-meta":"","header-above-stick-meta":"","header-main-stick-meta":"","header-below-stick-meta":""},"product_cat":[580,846,848,850,1016],"product_tag":[1423,1422,608],"publishpress_future_action":{"enabled":false,"date":"2026-04-18 15:14:59","action":"draft","terms":[],"taxonomy":"product_cat"},"_links":{"self":[{"href":"https:\/\/wahlspain.es\/tienda\/pt-pt\/wp-json\/wp\/v2\/product\/3920"}],"collection":[{"href":"https:\/\/wahlspain.es\/tienda\/pt-pt\/wp-json\/wp\/v2\/product"}],"about":[{"href":"https:\/\/wahlspain.es\/tienda\/pt-pt\/wp-json\/wp\/v2\/types\/product"}],"replies":[{"embeddable":true,"href":"https:\/\/wahlspain.es\/tienda\/pt-pt\/wp-json\/wp\/v2\/comments?post=3920"}],"wp:featuredmedia":[{"embeddable":true,"href":"https:\/\/wahlspain.es\/tienda\/pt-pt\/wp-json\/wp\/v2\/media\/3922"}],"wp:attachment":[{"href":"https:\/\/wahlspain.es\/tienda\/pt-pt\/wp-json\/wp\/v2\/media?parent=3920"}],"wp:term":[{"taxonomy":"product_cat","embeddable":true,"href":"https:\/\/wahlspain.es\/tienda\/pt-pt\/wp-json\/wp\/v2\/product_cat?post=3920"},{"taxonomy":"product_tag","embeddable":true,"href":"https:\/\/wahlspain.es\/tienda\/pt-pt\/wp-json\/wp\/v2\/product_tag?post=3920"}],"curies":[{"name":"wp","href":"https:\/\/api.w.org\/{rel}","templated":true}]}}