{"id":3897,"date":"2021-06-16T15:09:20","date_gmt":"2021-06-16T13:09:20","guid":{"rendered":"https:\/\/wahlspain.es\/tienda\/?post_type=product&#038;p=3897"},"modified":"2021-10-26T13:54:39","modified_gmt":"2021-10-26T11:54:39","slug":"recondicionada-maquina-moser-neo-gris-blanca","status":"publish","type":"product","link":"https:\/\/wahlspain.es\/tienda\/pt-pt\/producto\/recondicionada-maquina-moser-neo-gris-blanca\/","title":{"rendered":"*RECONDICIONADA \/ M\u00e1quina MOSER NEO Gris\/blanca"},"content":{"rendered":"<h2 class=\"h1sz-nrm\"><span class=\"mntl\">NEO\u00a0<\/span><\/h2>\n<h3 class=\"h1sz-nrm\"><span class=\"sbtl\">M\u00e1quina de corte profissional Cord\/Cordless<\/span><\/h3>\n<p>&nbsp;<\/p>\n<ul>\n<li>Largura de corte 46 \/ comprimento de corte de 0,7 &#8211; 3 mm<\/li>\n<li>Limpeza f\u00e1cil gra\u00e7as ao sistema de troca r\u00e1pida da l\u00e2mina.<\/li>\n<li>Funcionamento com e sem cabo<\/li>\n<\/ul>\n<p><a href=\"https:\/\/www.moserpro.es\/index.php?neo-en-es\" target=\"_blank\" rel=\"noopener\">+info del producto<\/a><\/p>\n<h5>* Na caixa original, corpo branco \/ cinza. Vers\u00e3o anterior \u00e0 atual.<br \/>\n* M\u00e1quina com garantia de 1 ano.<\/h5>\n<p>&nbsp;<\/p>\n","protected":false},"excerpt":{"rendered":"<p><strong>REF:<\/strong> 1886-0051<\/p>\n","protected":false},"featured_media":3899,"comment_status":"closed","ping_status":"closed","template":"","meta":{"site-sidebar-layout":"default","site-content-layout":"default","ast-global-header-display":"","ast-banner-title-visibility":"","ast-main-header-display":"","ast-hfb-above-header-display":"","ast-hfb-below-header-display":"","ast-hfb-mobile-header-display":"","site-post-title":"","ast-breadcrumbs-content":"","ast-featured-img":"","footer-sml-layout":"","theme-transparent-header-meta":"default","adv-header-id-meta":"","stick-header-meta":"","header-above-stick-meta":"","header-main-stick-meta":"","header-below-stick-meta":""},"product_cat":[580,1043,1048,1049,1050],"product_tag":[853,608,1200],"publishpress_future_action":{"enabled":false,"date":"2026-04-16 12:45:40","action":"draft","terms":[],"taxonomy":"product_cat"},"_links":{"self":[{"href":"https:\/\/wahlspain.es\/tienda\/pt-pt\/wp-json\/wp\/v2\/product\/3897"}],"collection":[{"href":"https:\/\/wahlspain.es\/tienda\/pt-pt\/wp-json\/wp\/v2\/product"}],"about":[{"href":"https:\/\/wahlspain.es\/tienda\/pt-pt\/wp-json\/wp\/v2\/types\/product"}],"replies":[{"embeddable":true,"href":"https:\/\/wahlspain.es\/tienda\/pt-pt\/wp-json\/wp\/v2\/comments?post=3897"}],"wp:featuredmedia":[{"embeddable":true,"href":"https:\/\/wahlspain.es\/tienda\/pt-pt\/wp-json\/wp\/v2\/media\/3899"}],"wp:attachment":[{"href":"https:\/\/wahlspain.es\/tienda\/pt-pt\/wp-json\/wp\/v2\/media?parent=3897"}],"wp:term":[{"taxonomy":"product_cat","embeddable":true,"href":"https:\/\/wahlspain.es\/tienda\/pt-pt\/wp-json\/wp\/v2\/product_cat?post=3897"},{"taxonomy":"product_tag","embeddable":true,"href":"https:\/\/wahlspain.es\/tienda\/pt-pt\/wp-json\/wp\/v2\/product_tag?post=3897"}],"curies":[{"name":"wp","href":"https:\/\/api.w.org\/{rel}","templated":true}]}}