{"id":3886,"date":"2021-06-16T13:37:27","date_gmt":"2021-06-16T11:37:28","guid":{"rendered":"https:\/\/wahlspain.es\/tienda\/?post_type=product&#038;p=3886"},"modified":"2021-10-26T13:49:37","modified_gmt":"2021-10-26T11:49:37","slug":"recondicionada-wahl-super-taper-classica-copia","status":"publish","type":"product","link":"https:\/\/wahlspain.es\/tienda\/pt-pt\/producto\/recondicionada-wahl-super-taper-classica-copia\/","title":{"rendered":"*RECONDICIONADA \/ Combo legend &amp; Hero \/ Negro &amp; Oro"},"content":{"rendered":"<h3 class=\"product-name\">LEGEND\u00ae \/ Recondicionada<strong>. \/ <a href=\"https:\/\/es.wahl.com\/Products\/Professional-Hairdressing\/Legend%C2%AE.aspx\" target=\"_blank\" rel=\"noopener\">+info<\/a><\/strong><\/h3>\n<p>&nbsp;<\/p>\n<h4 class=\"product-subheading\">M\u00e1quina de corte profissional com cabo.<\/h4>\n<p>The Legend \u00e9 um \u00edcone dentro da linha de 5 estrelas gra\u00e7as \u00e0 sua l\u00e2mina Wedge e seu poderoso motor V9000.<\/p>\n<h4 class=\"product-subheading\">Caracter\u00edsticas principais<\/h4>\n<ul class=\"product-features\">\n<li>Trabalho cont\u00ednuo<\/li>\n<li>Motor eletromagn\u00e9tico V9000<\/li>\n<li>Tecnologia de l\u00e2mina &#8220;Crunch&#8221;<\/li>\n<li>Inclui 8 pentes PREMIUM<\/li>\n<\/ul>\n<hr \/>\n<h3 class=\"product-name\">HERO\u00ae \/ Recondicionada<strong>. \/ <a href=\"https:\/\/es.wahl.com\/Products\/Professional-Hairdressing\/Hero%C2%AE.aspx\" target=\"_blank\" rel=\"noopener\">+info<\/a><\/strong><\/h3>\n<p>&nbsp;<\/p>\n<h3 class=\"product-subheading\">M\u00e1quina de corte profissional com cabo<\/h3>\n<p>Nem todos os her\u00f3is usam casaco! Com fios e muito potente, o modelo Hero corta os cabelos com grande velocidade.<\/p>\n<h4 class=\"product-subheading\">Caracter\u00edsticas principais<\/h4>\n<ul class=\"product-features\">\n<li>Trabalho cont\u00ednuo<\/li>\n<li>motor DC<\/li>\n<li>Projetado para todos os tipos de trabalho e tipos de cabelo.<\/li>\n<li>Ajust\u00e1vel para &#8220;0&#8221; manualmente<\/li>\n<\/ul>\n<h5>* A EMBALAGEM &#8211; Possui em caixa de origem, m\u00e1quinas Gold Black, em perfeitas condi\u00e7\u00f5es de uso.<br \/>\n* M\u00e1quinas com garantia de 1 ano.<\/h5>\n","protected":false},"excerpt":{"rendered":"<p><strong>REF:<\/strong> 08180-016<\/p>\n","protected":false},"featured_media":3888,"comment_status":"closed","ping_status":"closed","template":"","meta":{"site-sidebar-layout":"default","site-content-layout":"default","ast-global-header-display":"","ast-banner-title-visibility":"","ast-main-header-display":"","ast-hfb-above-header-display":"","ast-hfb-below-header-display":"","ast-hfb-mobile-header-display":"","site-post-title":"","ast-breadcrumbs-content":"","ast-featured-img":"","footer-sml-layout":"","theme-transparent-header-meta":"default","adv-header-id-meta":"","stick-header-meta":"","header-above-stick-meta":"","header-main-stick-meta":"","header-below-stick-meta":""},"product_cat":[580,1043,1044,1045,1046,1099],"product_tag":[1439,663,728],"publishpress_future_action":{"enabled":false,"date":"2026-04-16 17:17:18","action":"draft","terms":[],"taxonomy":"product_cat"},"_links":{"self":[{"href":"https:\/\/wahlspain.es\/tienda\/pt-pt\/wp-json\/wp\/v2\/product\/3886"}],"collection":[{"href":"https:\/\/wahlspain.es\/tienda\/pt-pt\/wp-json\/wp\/v2\/product"}],"about":[{"href":"https:\/\/wahlspain.es\/tienda\/pt-pt\/wp-json\/wp\/v2\/types\/product"}],"replies":[{"embeddable":true,"href":"https:\/\/wahlspain.es\/tienda\/pt-pt\/wp-json\/wp\/v2\/comments?post=3886"}],"wp:featuredmedia":[{"embeddable":true,"href":"https:\/\/wahlspain.es\/tienda\/pt-pt\/wp-json\/wp\/v2\/media\/3888"}],"wp:attachment":[{"href":"https:\/\/wahlspain.es\/tienda\/pt-pt\/wp-json\/wp\/v2\/media?parent=3886"}],"wp:term":[{"taxonomy":"product_cat","embeddable":true,"href":"https:\/\/wahlspain.es\/tienda\/pt-pt\/wp-json\/wp\/v2\/product_cat?post=3886"},{"taxonomy":"product_tag","embeddable":true,"href":"https:\/\/wahlspain.es\/tienda\/pt-pt\/wp-json\/wp\/v2\/product_tag?post=3886"}],"curies":[{"name":"wp","href":"https:\/\/api.w.org\/{rel}","templated":true}]}}