{"id":3874,"date":"2021-06-16T12:26:22","date_gmt":"2021-06-16T10:26:23","guid":{"rendered":"https:\/\/wahlspain.es\/tienda\/?post_type=product&#038;p=3874"},"modified":"2021-10-25T17:17:17","modified_gmt":"2021-10-25T15:17:17","slug":"recondicionada-moser-lipro-mini-copia","status":"publish","type":"product","link":"https:\/\/wahlspain.es\/tienda\/pt-pt\/producto\/recondicionada-moser-lipro-mini-copia\/","title":{"rendered":"*RECONDICIONADA \/ MOSER Li+Pro Mini (copia)"},"content":{"rendered":"<h1><strong>MOSER LI+PRO MINI \/ RECONDICIONADA<\/strong><\/h1>\n<h4><strong>M\u00e1quina profissional a cabo\/ bateria.<\/strong><\/h4>\n<p>&nbsp;<\/p>\n<ul>\n<li><strong>Star Blade II<\/strong>: L\u00e2mina profissional de alta qualidade em a\u00e7o especial &#8220;Made in Germany&#8221;. Permite cortes precisos de at\u00e9 0,4 mm.<\/li>\n<li><strong>Troca r\u00e1pida de l\u00e2minas<\/strong><\/li>\n<li><strong>Profissional:<\/strong> Pode funcionar com cabo ou com bateria. Fun\u00e7\u00e3o de carga r\u00e1pida de 45 minutos, baterias de l\u00edtio de longa dura\u00e7\u00e3o e alta efici\u00eancia, sem efeito mem\u00f3ria. Autonomia de at\u00e9 75 minutos.<\/li>\n<li><strong>Inteligente:<\/strong> modo de uso simples por bot\u00e3o. Indicador de controle de carga integrado.<\/li>\n<li><strong>Design:<\/strong> Muito ergon\u00f4mico e muito leve (apenas 120 g). Silenciosa. Carca\u00e7a<\/li>\n<li><strong>Acess\u00f3rios<\/strong>: Inclui 1 pente ajust\u00e1vel de 3-6 mm, carregador, escova de limpeza e \u00f3leo.<\/li>\n<\/ul>\n<p><strong>* Caixa original, em bom estado e perfeitas condi\u00e7\u00f5es de uso, vers\u00e3o anterior \u00e0 atual.<\/strong><br \/>\n<strong>* M\u00e1quina com garantia de 1 ano.<\/strong><\/p>\n<p>&nbsp;<\/p>\n","protected":false},"excerpt":{"rendered":"<p><strong>REF:<\/strong> 1588-0051<\/p>\n<p>&nbsp;<\/p>\n","protected":false},"featured_media":3876,"comment_status":"closed","ping_status":"closed","template":"","meta":{"site-sidebar-layout":"default","site-content-layout":"default","ast-global-header-display":"","ast-banner-title-visibility":"","ast-main-header-display":"","ast-hfb-above-header-display":"","ast-hfb-below-header-display":"","ast-hfb-mobile-header-display":"","site-post-title":"","ast-breadcrumbs-content":"","ast-featured-img":"","footer-sml-layout":"","theme-transparent-header-meta":"default","adv-header-id-meta":"","stick-header-meta":"","header-above-stick-meta":"","header-main-stick-meta":"","header-below-stick-meta":""},"product_cat":[580,1043,1048,1049,1082],"product_tag":[1085,1084,855,1083],"publishpress_future_action":{"enabled":false,"date":"2026-04-16 15:40:09","action":"draft","terms":[],"taxonomy":"product_cat"},"_links":{"self":[{"href":"https:\/\/wahlspain.es\/tienda\/pt-pt\/wp-json\/wp\/v2\/product\/3874"}],"collection":[{"href":"https:\/\/wahlspain.es\/tienda\/pt-pt\/wp-json\/wp\/v2\/product"}],"about":[{"href":"https:\/\/wahlspain.es\/tienda\/pt-pt\/wp-json\/wp\/v2\/types\/product"}],"replies":[{"embeddable":true,"href":"https:\/\/wahlspain.es\/tienda\/pt-pt\/wp-json\/wp\/v2\/comments?post=3874"}],"wp:featuredmedia":[{"embeddable":true,"href":"https:\/\/wahlspain.es\/tienda\/pt-pt\/wp-json\/wp\/v2\/media\/3876"}],"wp:attachment":[{"href":"https:\/\/wahlspain.es\/tienda\/pt-pt\/wp-json\/wp\/v2\/media?parent=3874"}],"wp:term":[{"taxonomy":"product_cat","embeddable":true,"href":"https:\/\/wahlspain.es\/tienda\/pt-pt\/wp-json\/wp\/v2\/product_cat?post=3874"},{"taxonomy":"product_tag","embeddable":true,"href":"https:\/\/wahlspain.es\/tienda\/pt-pt\/wp-json\/wp\/v2\/product_tag?post=3874"}],"curies":[{"name":"wp","href":"https:\/\/api.w.org\/{rel}","templated":true}]}}