{"id":3779,"date":"2021-06-10T13:38:09","date_gmt":"2021-06-10T11:38:10","guid":{"rendered":"https:\/\/wahlspain.es\/tienda\/?post_type=product&#038;p=3779"},"modified":"2021-10-25T17:20:00","modified_gmt":"2021-10-25T15:20:00","slug":"moser-class-50-copia","status":"publish","type":"product","link":"https:\/\/wahlspain.es\/tienda\/pt-pt\/producto\/moser-class-50-copia\/","title":{"rendered":"MOSER Class 50 (copia)"},"content":{"rendered":"<p><strong>Extremamente poderoso e resistente.<\/strong><\/p>\n<p><strong>STAR BLADE:<\/strong><br \/>\nJuego de cuchillas de acero inoxidable y larga vida \u00fatil &#8220;made in Germany&#8221;.<\/p>\n<p><strong>TROCA R\u00c1PIDA DE L\u00c2MINAS:<\/strong><br \/>\nSistema que facilita a limpeza e a troca da l\u00e2mina.<\/p>\n<p><strong>POTENTE:<\/strong><br \/>\nExtremamente poderoso e silencioso.<\/p>\n<p><strong>RESISTENTE:<\/strong><br \/>\nMuito forte e dur\u00e1vel, precisa de pouca manuten\u00e7\u00e3o.<\/p>\n<p><strong>ERGON\u00d4MICO:<\/strong><br \/>\nDesign ergon\u00f4mico e distribui\u00e7\u00e3o de peso equilibrada, antiderrapante.<\/p>\n<p><strong>INCLUI:<\/strong><br \/>\nJogo de l\u00e2minas de 1 mm STAR BLADE, escova de limpeza e \u00f3leo.<\/p>\n<hr \/>\n<p><a href=\"https:\/\/www.moser.es\/media\/product_catalog\/1250-0060_Class50.pdf\" target=\"_blank\" rel=\"noopener\"><strong>*BAIXAR \/ FOLHA DE DADOS<\/strong><\/a><\/p>\n<p>&nbsp;<\/p>\n","protected":false},"excerpt":{"rendered":"<p><strong>REF:<\/strong> 1877-0052-B<\/p>\n","protected":false},"featured_media":3789,"comment_status":"closed","ping_status":"closed","template":"","meta":{"site-sidebar-layout":"default","site-content-layout":"default","ast-global-header-display":"","ast-banner-title-visibility":"","ast-main-header-display":"","ast-hfb-above-header-display":"","ast-hfb-below-header-display":"","ast-hfb-mobile-header-display":"","site-post-title":"","ast-breadcrumbs-content":"","ast-featured-img":"","footer-sml-layout":"","theme-transparent-header-meta":"default","adv-header-id-meta":"","stick-header-meta":"","header-above-stick-meta":"","header-main-stick-meta":"","header-below-stick-meta":""},"product_cat":[580,846,848,850,1016],"product_tag":[608],"publishpress_future_action":{"enabled":false,"date":"2026-04-18 12:15:45","action":"draft","terms":[],"taxonomy":"product_cat"},"_links":{"self":[{"href":"https:\/\/wahlspain.es\/tienda\/pt-pt\/wp-json\/wp\/v2\/product\/3779"}],"collection":[{"href":"https:\/\/wahlspain.es\/tienda\/pt-pt\/wp-json\/wp\/v2\/product"}],"about":[{"href":"https:\/\/wahlspain.es\/tienda\/pt-pt\/wp-json\/wp\/v2\/types\/product"}],"replies":[{"embeddable":true,"href":"https:\/\/wahlspain.es\/tienda\/pt-pt\/wp-json\/wp\/v2\/comments?post=3779"}],"wp:featuredmedia":[{"embeddable":true,"href":"https:\/\/wahlspain.es\/tienda\/pt-pt\/wp-json\/wp\/v2\/media\/3789"}],"wp:attachment":[{"href":"https:\/\/wahlspain.es\/tienda\/pt-pt\/wp-json\/wp\/v2\/media?parent=3779"}],"wp:term":[{"taxonomy":"product_cat","embeddable":true,"href":"https:\/\/wahlspain.es\/tienda\/pt-pt\/wp-json\/wp\/v2\/product_cat?post=3779"},{"taxonomy":"product_tag","embeddable":true,"href":"https:\/\/wahlspain.es\/tienda\/pt-pt\/wp-json\/wp\/v2\/product_tag?post=3779"}],"curies":[{"name":"wp","href":"https:\/\/api.w.org\/{rel}","templated":true}]}}