{"id":3518,"date":"2021-02-08T12:23:41","date_gmt":"2021-02-08T11:23:42","guid":{"rendered":"https:\/\/wahlspain.es\/tienda\/?post_type=product&#038;p=3518"},"modified":"2022-09-30T12:34:34","modified_gmt":"2022-09-30T10:34:34","slug":"kit-de-manutencao-da-lamina-moser","status":"publish","type":"product","link":"https:\/\/wahlspain.es\/tienda\/pt-pt\/producto\/kit-de-manutencao-da-lamina-moser\/","title":{"rendered":"Kit de manuten\u00e7\u00e3o da l\u00e2mina MOSER"},"content":{"rendered":"<p>Pacote de manuten\u00e7\u00e3o para l\u00e2minas <strong>MOSER\u00ae<\/strong>, este pacote inclui;<\/p>\n<ul>\n<li><strong>Estojo de transporte, escova de limpeza e pano macio.<\/strong><\/li>\n<li><strong>Blade Ice<\/strong> (spray que esfria, limpa e evita a corros\u00e3o)<\/li>\n<li><strong>\u00d3leo<\/strong> especial para lubrificar a l\u00e2mina.<\/li>\n<li><strong>Cleaning Spray<\/strong> (spray que limpa em profundidade)<\/li>\n<\/ul>\n","protected":false},"excerpt":{"rendered":"<p><strong>REF:<\/strong> 1000-7410<\/p>\n","protected":false},"featured_media":3520,"comment_status":"closed","ping_status":"closed","template":"","meta":{"site-sidebar-layout":"default","site-content-layout":"default","ast-global-header-display":"","ast-banner-title-visibility":"","ast-main-header-display":"","ast-hfb-above-header-display":"","ast-hfb-below-header-display":"","ast-hfb-mobile-header-display":"","site-post-title":"","ast-breadcrumbs-content":"","ast-featured-img":"","footer-sml-layout":"","theme-transparent-header-meta":"default","adv-header-id-meta":"","stick-header-meta":"","header-above-stick-meta":"","header-main-stick-meta":"","header-below-stick-meta":""},"product_cat":[580,846,848,1016],"product_tag":[598,1042,1017,1041],"publishpress_future_action":{"enabled":false,"date":"2026-04-20 10:24:02","action":"draft","terms":[],"taxonomy":"product_cat"},"_links":{"self":[{"href":"https:\/\/wahlspain.es\/tienda\/pt-pt\/wp-json\/wp\/v2\/product\/3518"}],"collection":[{"href":"https:\/\/wahlspain.es\/tienda\/pt-pt\/wp-json\/wp\/v2\/product"}],"about":[{"href":"https:\/\/wahlspain.es\/tienda\/pt-pt\/wp-json\/wp\/v2\/types\/product"}],"replies":[{"embeddable":true,"href":"https:\/\/wahlspain.es\/tienda\/pt-pt\/wp-json\/wp\/v2\/comments?post=3518"}],"wp:featuredmedia":[{"embeddable":true,"href":"https:\/\/wahlspain.es\/tienda\/pt-pt\/wp-json\/wp\/v2\/media\/3520"}],"wp:attachment":[{"href":"https:\/\/wahlspain.es\/tienda\/pt-pt\/wp-json\/wp\/v2\/media?parent=3518"}],"wp:term":[{"taxonomy":"product_cat","embeddable":true,"href":"https:\/\/wahlspain.es\/tienda\/pt-pt\/wp-json\/wp\/v2\/product_cat?post=3518"},{"taxonomy":"product_tag","embeddable":true,"href":"https:\/\/wahlspain.es\/tienda\/pt-pt\/wp-json\/wp\/v2\/product_tag?post=3518"}],"curies":[{"name":"wp","href":"https:\/\/api.w.org\/{rel}","templated":true}]}}