{"id":3442,"date":"2021-01-08T10:53:42","date_gmt":"2021-01-08T09:53:43","guid":{"rendered":"https:\/\/wahlspain.es\/tienda\/?post_type=product&#038;p=3442"},"modified":"2021-09-27T11:00:20","modified_gmt":"2021-09-27T09:00:20","slug":"wahl-adore","status":"publish","type":"product","link":"https:\/\/wahlspain.es\/tienda\/pt-pt\/producto\/wahl-adore\/","title":{"rendered":"WAHL Adore \/ Pacote promo\u00e7\u00e3o"},"content":{"rendered":"<h1><strong>WAHL Adore<\/strong><\/h1>\n<ul>\n<li>Aparador de cavalos com autonomia de at\u00e9 100 min e carga de 150 min.<\/li>\n<li>Indicador LED de carga da bateria, pode ser usado com ou sem cabo.<\/li>\n<li>Energia constante, independentemente da condi\u00e7\u00e3o da bateria ou pele.<\/li>\n<li>L\u00e2mina profissional de a\u00e7o inoxid\u00e1vel com troca r\u00e1pida e ajuste de comprimento de 0,7 mm a 3 mm.<\/li>\n<li>Leve e silencioso<\/li>\n<li>Inclui escova curry para remover sujeira e cabelos soltos do rosto e corpo e toalha de secagem r\u00e1pida com fibras de bambu e algod\u00e3o<\/li>\n<\/ul>\n<hr \/>\n<p><a href=\"https:\/\/wahlspain.es\/tienda\/wp-content\/uploads\/1872-0492_PROMO_Wahl_Summer_Set_DGB_TDexhfK.pdf\"><strong>*BAIXAR\/ FOLHA DE DADOS<\/strong><\/a><\/p>\n<p>&nbsp;<\/p>\n","protected":false},"excerpt":{"rendered":"<p><strong>REF:<\/strong> 1872-0492<\/p>\n","protected":false},"featured_media":3438,"comment_status":"closed","ping_status":"closed","template":"","meta":{"site-sidebar-layout":"default","site-content-layout":"default","ast-global-header-display":"","ast-banner-title-visibility":"","ast-main-header-display":"","ast-hfb-above-header-display":"","ast-hfb-below-header-display":"","ast-hfb-mobile-header-display":"","site-post-title":"","ast-breadcrumbs-content":"","ast-featured-img":"","footer-sml-layout":"","theme-transparent-header-meta":"default","adv-header-id-meta":"","stick-header-meta":"","header-above-stick-meta":"","header-main-stick-meta":"","header-below-stick-meta":""},"product_cat":[1321,580,815,816,818,1250],"product_tag":[1069,839,845,1374],"publishpress_future_action":{"enabled":false,"date":"2026-04-16 13:03:33","action":"draft","terms":[],"taxonomy":"product_cat"},"_links":{"self":[{"href":"https:\/\/wahlspain.es\/tienda\/pt-pt\/wp-json\/wp\/v2\/product\/3442"}],"collection":[{"href":"https:\/\/wahlspain.es\/tienda\/pt-pt\/wp-json\/wp\/v2\/product"}],"about":[{"href":"https:\/\/wahlspain.es\/tienda\/pt-pt\/wp-json\/wp\/v2\/types\/product"}],"replies":[{"embeddable":true,"href":"https:\/\/wahlspain.es\/tienda\/pt-pt\/wp-json\/wp\/v2\/comments?post=3442"}],"wp:featuredmedia":[{"embeddable":true,"href":"https:\/\/wahlspain.es\/tienda\/pt-pt\/wp-json\/wp\/v2\/media\/3438"}],"wp:attachment":[{"href":"https:\/\/wahlspain.es\/tienda\/pt-pt\/wp-json\/wp\/v2\/media?parent=3442"}],"wp:term":[{"taxonomy":"product_cat","embeddable":true,"href":"https:\/\/wahlspain.es\/tienda\/pt-pt\/wp-json\/wp\/v2\/product_cat?post=3442"},{"taxonomy":"product_tag","embeddable":true,"href":"https:\/\/wahlspain.es\/tienda\/pt-pt\/wp-json\/wp\/v2\/product_tag?post=3442"}],"curies":[{"name":"wp","href":"https:\/\/api.w.org\/{rel}","templated":true}]}}