{"id":2933,"date":"2020-06-18T11:28:33","date_gmt":"2020-06-18T09:28:33","guid":{"rendered":"https:\/\/wahlspain.es\/tienda\/producto\/wahl-cutek-advance\/"},"modified":"2022-03-09T11:22:26","modified_gmt":"2022-03-09T10:22:26","slug":"wahl-cutek-advance","status":"publish","type":"product","link":"https:\/\/wahlspain.es\/tienda\/pt-pt\/producto\/wahl-cutek-advance\/","title":{"rendered":"WAHL Cutek Advance"},"content":{"rendered":"<h3 style=\"margin: 0cm; margin-bottom: .0001pt;\"><strong>WAHL Cutek Advance<\/strong><\/h3>\n<p style=\"margin: 0cm; margin-bottom: .0001pt;\"><span class=\"value\"><span lang=\"PT\" style=\"font-size: 10.5pt; font-family: 'Arial',sans-serif;\">\u00a0<\/span><\/span><\/p>\n<ul>\n<li><span class=\"value\"><span lang=\"PT\" style=\"font-size: 9.0pt; font-family: 'Arial',sans-serif;\">Tecnolog\u00eda cer\u00e1mica que reduce la electricidad est\u00e1tica.<\/span><\/span><\/li>\n<\/ul>\n<ul>\n<li><span class=\"value\"><span lang=\"PT\" style=\"font-size: 9.0pt; font-family: 'Arial',sans-serif;\">Ajuste progresivo de la temperatura de 150\u00baC &#8211; 230\u00baC e indicador LED. Perfecta para tratamientos con queratina.<\/span><\/span><\/li>\n<\/ul>\n<ul>\n<li><span class=\"value\"><span lang=\"PT\" style=\"font-size: 9.0pt; font-family: 'Arial',sans-serif;\">Calentamiento ultrar\u00e1pido de tan s\u00f3lo 30 segundos.<\/span><\/span><\/li>\n<\/ul>\n<ul>\n<li><span class=\"value\"><span lang=\"PT\" style=\"font-size: 9.0pt; font-family: 'Arial',sans-serif;\">Dispone de cable para profesionales de 2,8m con sistema antitorsi\u00f3n y colgador<\/span><\/span><\/li>\n<\/ul>\n<hr \/>\n<p><a href=\"https:\/\/wahlspain.es\/tienda\/wp-content\/uploads\/4417-0470_Cutek_Advanced.pdf\"><strong>*DESCARGAR \/ HOJAS T\u00c9CNICAS<\/strong><\/a><\/p>\n","protected":false},"excerpt":{"rendered":"<p><strong>REF:<\/strong> 4417-0470<\/p>\n","protected":false},"featured_media":2934,"comment_status":"closed","ping_status":"closed","template":"","meta":{"site-sidebar-layout":"default","site-content-layout":"default","ast-global-header-display":"","ast-banner-title-visibility":"","ast-main-header-display":"","ast-hfb-above-header-display":"","ast-hfb-below-header-display":"","ast-hfb-mobile-header-display":"","site-post-title":"","ast-breadcrumbs-content":"","ast-featured-img":"","footer-sml-layout":"","theme-transparent-header-meta":"default","adv-header-id-meta":"","stick-header-meta":"","header-above-stick-meta":"","header-main-stick-meta":"","header-below-stick-meta":""},"product_cat":[580,815,1020,1257],"product_tag":[1346,1345,1344,1347],"publishpress_future_action":{"enabled":false,"date":"2026-04-18 17:59:30","action":"draft","terms":[],"taxonomy":"product_cat"},"_links":{"self":[{"href":"https:\/\/wahlspain.es\/tienda\/pt-pt\/wp-json\/wp\/v2\/product\/2933"}],"collection":[{"href":"https:\/\/wahlspain.es\/tienda\/pt-pt\/wp-json\/wp\/v2\/product"}],"about":[{"href":"https:\/\/wahlspain.es\/tienda\/pt-pt\/wp-json\/wp\/v2\/types\/product"}],"replies":[{"embeddable":true,"href":"https:\/\/wahlspain.es\/tienda\/pt-pt\/wp-json\/wp\/v2\/comments?post=2933"}],"wp:featuredmedia":[{"embeddable":true,"href":"https:\/\/wahlspain.es\/tienda\/pt-pt\/wp-json\/wp\/v2\/media\/2934"}],"wp:attachment":[{"href":"https:\/\/wahlspain.es\/tienda\/pt-pt\/wp-json\/wp\/v2\/media?parent=2933"}],"wp:term":[{"taxonomy":"product_cat","embeddable":true,"href":"https:\/\/wahlspain.es\/tienda\/pt-pt\/wp-json\/wp\/v2\/product_cat?post=2933"},{"taxonomy":"product_tag","embeddable":true,"href":"https:\/\/wahlspain.es\/tienda\/pt-pt\/wp-json\/wp\/v2\/product_tag?post=2933"}],"curies":[{"name":"wp","href":"https:\/\/api.w.org\/{rel}","templated":true}]}}