{"id":2920,"date":"2020-10-08T15:28:30","date_gmt":"2020-10-08T13:28:30","guid":{"rendered":"https:\/\/wahlspain.es\/tienda\/?post_type=product&#038;p=2920"},"modified":"2022-08-21T16:16:21","modified_gmt":"2022-08-21T14:16:21","slug":"wahl-barber-toolmat","status":"publish","type":"product","link":"https:\/\/wahlspain.es\/tienda\/pt-pt\/producto\/wahl-barber-toolmat\/","title":{"rendered":"WAHL Barber ToolMat"},"content":{"rendered":"<p><strong>Profissional<\/strong><\/p>\n<p>Tapete de borracha especial para suporte r\u00e1pido e seguro \u00e0s m\u00e1quinas de corte.<\/p>\n<p><strong>Borracha antiderrapante<\/strong><\/p>\n<p>Conjunto de trabalho 45&#215;30 cm<\/p>\n<p><strong>Impress\u00e3o completa com logotipo WAHL\u00ae<\/strong><\/p>\n","protected":false},"excerpt":{"rendered":"<p><strong>REF:<\/strong> 0093-6140<\/p>\n","protected":false},"featured_media":2922,"comment_status":"closed","ping_status":"closed","template":"","meta":{"site-sidebar-layout":"default","site-content-layout":"default","ast-global-header-display":"","ast-banner-title-visibility":"","ast-main-header-display":"","ast-hfb-above-header-display":"","ast-hfb-below-header-display":"","ast-hfb-mobile-header-display":"","site-post-title":"","ast-breadcrumbs-content":"","ast-featured-img":"","footer-sml-layout":"","theme-transparent-header-meta":"default","adv-header-id-meta":"","stick-header-meta":"","header-above-stick-meta":"","header-main-stick-meta":"","header-below-stick-meta":""},"product_cat":[580,815,1020,1021],"product_tag":[1022,1333,1335,1334,1336],"publishpress_future_action":{"enabled":false,"date":"2026-04-16 21:33:09","action":"draft","terms":[],"taxonomy":"product_cat"},"_links":{"self":[{"href":"https:\/\/wahlspain.es\/tienda\/pt-pt\/wp-json\/wp\/v2\/product\/2920"}],"collection":[{"href":"https:\/\/wahlspain.es\/tienda\/pt-pt\/wp-json\/wp\/v2\/product"}],"about":[{"href":"https:\/\/wahlspain.es\/tienda\/pt-pt\/wp-json\/wp\/v2\/types\/product"}],"replies":[{"embeddable":true,"href":"https:\/\/wahlspain.es\/tienda\/pt-pt\/wp-json\/wp\/v2\/comments?post=2920"}],"wp:featuredmedia":[{"embeddable":true,"href":"https:\/\/wahlspain.es\/tienda\/pt-pt\/wp-json\/wp\/v2\/media\/2922"}],"wp:attachment":[{"href":"https:\/\/wahlspain.es\/tienda\/pt-pt\/wp-json\/wp\/v2\/media?parent=2920"}],"wp:term":[{"taxonomy":"product_cat","embeddable":true,"href":"https:\/\/wahlspain.es\/tienda\/pt-pt\/wp-json\/wp\/v2\/product_cat?post=2920"},{"taxonomy":"product_tag","embeddable":true,"href":"https:\/\/wahlspain.es\/tienda\/pt-pt\/wp-json\/wp\/v2\/product_tag?post=2920"}],"curies":[{"name":"wp","href":"https:\/\/api.w.org\/{rel}","templated":true}]}}