{"id":2464,"date":"2020-06-16T17:10:04","date_gmt":"2020-09-09T08:31:44","guid":{"rendered":"https:\/\/wahlspain.es\/tienda\/producto\/genio\/"},"modified":"2021-01-22T09:21:40","modified_gmt":"2021-01-22T08:21:40","slug":"genio","status":"publish","type":"product","link":"https:\/\/wahlspain.es\/tienda\/pt-pt\/producto\/genio\/","title":{"rendered":"Genio"},"content":{"rendered":"<p><strong>M\u00e1quina de corte profissional ultraleve com cabo e bateria<\/strong><\/p>\n<p><strong>MAGIC BLADE:<\/strong><br \/>\nConjunto profissional de l\u00e2minas totalmente met\u00e1licas feitas de a\u00e7o de alta qualidade, precis\u00e3o &#8220;Made in Germany&#8221;.<br \/>\n<strong>TROCA R\u00c1PIDA:<\/strong><br \/>\nSistema de troca r\u00e1pida para f\u00e1cil substitui\u00e7\u00e3o e limpeza.<br \/>\n<strong>INTELIGENTE:<\/strong><br \/>\nIndicador LED de status de carregamento.<br \/>\n<strong>SILENCIOSA:<\/strong><br \/>\nSuper leve e silenciosa. Apenas 140g.<br \/>\n<strong>INCLUI:<\/strong><br \/>\n2 pentes revers\u00edveis de 3\/6 e 9\/12 mm, transformador, escova e \u00f3leo.<\/p>\n<hr>\n<p><strong><a href=\"https:\/\/wahlspain.es\/tienda\/wp-content\/uploads\/1565-0077_Genio.pdf\">DOWNLOAD \/ FOLHA DE DADOS<\/a><\/strong><\/p>\n","protected":false},"excerpt":{"rendered":"<p><strong>REF:<\/strong> 1565-0038<\/p>\n","protected":false},"featured_media":3471,"comment_status":"closed","ping_status":"closed","template":"","meta":{"site-sidebar-layout":"default","site-content-layout":"default","ast-global-header-display":"","ast-banner-title-visibility":"","ast-main-header-display":"","ast-hfb-above-header-display":"","ast-hfb-below-header-display":"","ast-hfb-mobile-header-display":"","site-post-title":"","ast-breadcrumbs-content":"","ast-featured-img":"","footer-sml-layout":"","theme-transparent-header-meta":"default","adv-header-id-meta":"","stick-header-meta":"","header-above-stick-meta":"","header-main-stick-meta":"","header-below-stick-meta":""},"product_cat":[580,620,621,623],"product_tag":[627,1182,1185,1184,1183],"publishpress_future_action":{"enabled":false,"date":"2026-04-16 17:00:46","action":"draft","terms":[],"taxonomy":"product_cat"},"_links":{"self":[{"href":"https:\/\/wahlspain.es\/tienda\/pt-pt\/wp-json\/wp\/v2\/product\/2464"}],"collection":[{"href":"https:\/\/wahlspain.es\/tienda\/pt-pt\/wp-json\/wp\/v2\/product"}],"about":[{"href":"https:\/\/wahlspain.es\/tienda\/pt-pt\/wp-json\/wp\/v2\/types\/product"}],"replies":[{"embeddable":true,"href":"https:\/\/wahlspain.es\/tienda\/pt-pt\/wp-json\/wp\/v2\/comments?post=2464"}],"wp:featuredmedia":[{"embeddable":true,"href":"https:\/\/wahlspain.es\/tienda\/pt-pt\/wp-json\/wp\/v2\/media\/3471"}],"wp:attachment":[{"href":"https:\/\/wahlspain.es\/tienda\/pt-pt\/wp-json\/wp\/v2\/media?parent=2464"}],"wp:term":[{"taxonomy":"product_cat","embeddable":true,"href":"https:\/\/wahlspain.es\/tienda\/pt-pt\/wp-json\/wp\/v2\/product_cat?post=2464"},{"taxonomy":"product_tag","embeddable":true,"href":"https:\/\/wahlspain.es\/tienda\/pt-pt\/wp-json\/wp\/v2\/product_tag?post=2464"}],"curies":[{"name":"wp","href":"https:\/\/api.w.org\/{rel}","templated":true}]}}