{"id":2311,"date":"2020-07-31T13:36:03","date_gmt":"2020-07-31T11:36:04","guid":{"rendered":"https:\/\/wahlspain.es\/tienda\/?post_type=product&#038;p=2311"},"modified":"2021-09-27T11:05:07","modified_gmt":"2021-09-27T09:05:07","slug":"recondicionada-wahl-balding-2","status":"publish","type":"product","link":"https:\/\/wahlspain.es\/tienda\/pt-pt\/producto\/recondicionada-wahl-balding-2\/","title":{"rendered":"*RECONDICIONADA \/ WAHL Balding"},"content":{"rendered":"<h1 class=\"product-name\">BALDING CLIPPER<\/h1>\n<h3 class=\"product-price\"><\/h3>\n<h3 class=\"product-subheading\">M\u00e1quina de corte profissional com cabo<\/h3>\n<p>A m\u00e1quina Balding \u00e9 um cl\u00e1ssico. Conhecido por possuir o lend\u00e1rio motor eletromagn\u00e9tico V5000, muito resistente e potente. Este modelo se destaca por oferecer uma \u00f3tima proximidade e nitidez no corte.<\/p>\n<h3 class=\"product-subheading\">Caracter\u00edsticas principais<\/h3>\n<ul class=\"product-features\">\n<li>Motor eletromagn\u00e9tico V5000<\/li>\n<li>Apurado 0.4 mm<\/li>\n<li>Ajust\u00e1vel para &#8220;0&#8221; manualmente<\/li>\n<\/ul>\n<hr>\n<p><a href=\"https:\/\/wahlspain.es\/tienda\/wp-content\/uploads\/4000-0471f_DGB-baldingclipper.pdf\"><strong>Baixa<\/strong><strong>r<\/strong><strong> folha <\/strong><strong>de dados<\/strong><\/a><\/p>\n","protected":false},"excerpt":{"rendered":"<p><strong>REF:<\/strong> 08110-316H<\/p>\n","protected":false},"featured_media":2262,"comment_status":"closed","ping_status":"closed","template":"","meta":{"site-sidebar-layout":"default","site-content-layout":"default","ast-global-header-display":"","ast-banner-title-visibility":"","ast-main-header-display":"","ast-hfb-above-header-display":"","ast-hfb-below-header-display":"","ast-hfb-mobile-header-display":"","site-post-title":"","ast-breadcrumbs-content":"","ast-featured-img":"","footer-sml-layout":"","theme-transparent-header-meta":"default","adv-header-id-meta":"","stick-header-meta":"","header-above-stick-meta":"","header-main-stick-meta":"","header-below-stick-meta":""},"product_cat":[580,1043,1044,1045,1046],"product_tag":[742,1047,839],"publishpress_future_action":{"enabled":false,"date":"2026-04-16 17:10:46","action":"draft","terms":[],"taxonomy":"product_cat"},"_links":{"self":[{"href":"https:\/\/wahlspain.es\/tienda\/pt-pt\/wp-json\/wp\/v2\/product\/2311"}],"collection":[{"href":"https:\/\/wahlspain.es\/tienda\/pt-pt\/wp-json\/wp\/v2\/product"}],"about":[{"href":"https:\/\/wahlspain.es\/tienda\/pt-pt\/wp-json\/wp\/v2\/types\/product"}],"replies":[{"embeddable":true,"href":"https:\/\/wahlspain.es\/tienda\/pt-pt\/wp-json\/wp\/v2\/comments?post=2311"}],"wp:featuredmedia":[{"embeddable":true,"href":"https:\/\/wahlspain.es\/tienda\/pt-pt\/wp-json\/wp\/v2\/media\/2262"}],"wp:attachment":[{"href":"https:\/\/wahlspain.es\/tienda\/pt-pt\/wp-json\/wp\/v2\/media?parent=2311"}],"wp:term":[{"taxonomy":"product_cat","embeddable":true,"href":"https:\/\/wahlspain.es\/tienda\/pt-pt\/wp-json\/wp\/v2\/product_cat?post=2311"},{"taxonomy":"product_tag","embeddable":true,"href":"https:\/\/wahlspain.es\/tienda\/pt-pt\/wp-json\/wp\/v2\/product_tag?post=2311"}],"curies":[{"name":"wp","href":"https:\/\/api.w.org\/{rel}","templated":true}]}}