{"id":2309,"date":"2020-07-31T13:28:49","date_gmt":"2020-07-31T11:28:50","guid":{"rendered":"https:\/\/wahlspain.es\/tienda\/?post_type=product&#038;p=2309"},"modified":"2021-09-27T11:05:22","modified_gmt":"2021-09-27T09:05:22","slug":"recondicionada-moser-lipro2-2","status":"publish","type":"product","link":"https:\/\/wahlspain.es\/tienda\/pt-pt\/producto\/recondicionada-moser-lipro2-2\/","title":{"rendered":"*RECONDICIONADA \/ MOSER Li+Pro2"},"content":{"rendered":"<h1><strong>MOSER LI+PRO2 \/ RECONDICIONADA (N\u00e3o inclui a l\u00e2mina Diamond Blade, inclui a l\u00e2mina standard Blade)<\/strong><\/h1>\n<h4><strong>M\u00e1quina de corte profissional com\/sem cabo<\/strong>.<\/h4>\n<p>&nbsp;<\/p>\n<ul>\n<li><strong>St\u00e1ndard Blade<\/strong>: Largura de corte 46 mm \/ Comprimento de corte 0,3 &#8211; 0,7 mm<\/li>\n<li><strong>TROCA R\u00c1PIDA:<\/strong>Possui um sistema de troca r\u00e1pida de l\u00e2mina para substitui\u00e7\u00e3o r\u00e1pida e f\u00e1cil limpeza.<\/li>\n<li><strong>PROFISSIONAL:<\/strong> Fun\u00e7\u00e3o com\/sem cabo, 80 minutos de carregamento super r\u00e1pido e 160 minutos de autonomia. Possui a \u00faltima gera\u00e7\u00e3o de baterias de \u00edon de l\u00edtio altamente eficientes e dur\u00e1veis \u200b\u200bsem efeito de mem\u00f3ria.<\/li>\n<li><strong>INTELIGENTE:<\/strong> Possui display LED inteligente, que informa a capacidade da bateria, velocidade de corte, indicador de \u00f3leo e limpeza para maximizar a vida \u00fatil da m\u00e1quina de corte.<\/li>\n<li><strong>VELOCIDADE DE EXECU\u00c7\u00c3O:<\/strong> 3 Velocidades para se adaptar \u00e0s necessidades de todos os clientes. Velocidade 1; baixa rota\u00e7\u00e3o para os clientes mais sens\u00edveis ao ru\u00eddo e para crian\u00e7as. Velocidade 2 \u201cStandard\u201d, \u00e9 perfeita para todos os tipos de corte, equil\u00edbrio entre pot\u00eancia e desempenho. Velocidade 3; pot\u00eancia m\u00e1xima para cabelos grossos e dif\u00edceis.<\/li>\n<\/ul>\n","protected":false},"excerpt":{"rendered":"<p><strong>REF:<\/strong> 1888-0051<\/p>\n","protected":false},"featured_media":2229,"comment_status":"closed","ping_status":"closed","template":"","meta":{"site-sidebar-layout":"default","site-content-layout":"default","ast-global-header-display":"","ast-banner-title-visibility":"","ast-main-header-display":"","ast-hfb-above-header-display":"","ast-hfb-below-header-display":"","ast-hfb-mobile-header-display":"","site-post-title":"","ast-breadcrumbs-content":"","ast-featured-img":"","footer-sml-layout":"","theme-transparent-header-meta":"default","adv-header-id-meta":"","stick-header-meta":"","header-above-stick-meta":"","header-main-stick-meta":"","header-below-stick-meta":""},"product_cat":[580,1043,1048,1049,1050],"product_tag":[1051,855,854,771],"publishpress_future_action":{"enabled":false,"date":"2026-04-18 12:04:31","action":"draft","terms":[],"taxonomy":"product_cat"},"_links":{"self":[{"href":"https:\/\/wahlspain.es\/tienda\/pt-pt\/wp-json\/wp\/v2\/product\/2309"}],"collection":[{"href":"https:\/\/wahlspain.es\/tienda\/pt-pt\/wp-json\/wp\/v2\/product"}],"about":[{"href":"https:\/\/wahlspain.es\/tienda\/pt-pt\/wp-json\/wp\/v2\/types\/product"}],"replies":[{"embeddable":true,"href":"https:\/\/wahlspain.es\/tienda\/pt-pt\/wp-json\/wp\/v2\/comments?post=2309"}],"wp:featuredmedia":[{"embeddable":true,"href":"https:\/\/wahlspain.es\/tienda\/pt-pt\/wp-json\/wp\/v2\/media\/2229"}],"wp:attachment":[{"href":"https:\/\/wahlspain.es\/tienda\/pt-pt\/wp-json\/wp\/v2\/media?parent=2309"}],"wp:term":[{"taxonomy":"product_cat","embeddable":true,"href":"https:\/\/wahlspain.es\/tienda\/pt-pt\/wp-json\/wp\/v2\/product_cat?post=2309"},{"taxonomy":"product_tag","embeddable":true,"href":"https:\/\/wahlspain.es\/tienda\/pt-pt\/wp-json\/wp\/v2\/product_tag?post=2309"}],"curies":[{"name":"wp","href":"https:\/\/api.w.org\/{rel}","templated":true}]}}