{"id":2289,"date":"2020-07-31T08:20:16","date_gmt":"2020-07-31T06:20:17","guid":{"rendered":"https:\/\/wahlspain.es\/tienda\/?post_type=product&#038;p=2289"},"modified":"2020-10-06T09:33:58","modified_gmt":"2020-10-06T07:33:58","slug":"recondicionada-moser-rex","status":"publish","type":"product","link":"https:\/\/wahlspain.es\/tienda\/pt-pt\/producto\/recondicionada-moser-rex\/","title":{"rendered":"*RECONDICIONADA \/ MOSER Rex"},"content":{"rendered":"<h1>MOSER REX \/ RECONDICIONADA<\/h1>\n<p><strong>M\u00e1quina de corte silenciosa e dur\u00e1vel para cortar c\u00e3es<\/strong> <strong>e gatos de m\u00e9dio porte.<\/strong> <\/p>\n<ul>\n<li>Silencioso e robusto. Ideal para animais nervosos.<\/li>\n<li>L\u00e2minas de precis\u00e3o de metal s\u00f3lido \u201cMade in Germany\u201d.<\/li>\n<li>Comprimento de corte ajust\u00e1vel gra\u00e7as \u00e0 sua alavanca de 6 posi\u00e7\u00f5es, de 0,7 a 3 mm.<\/li>\n<li>Cabo profissional de 3m.<\/li>\n<li>Inclui pentes de 6 y 9mm.<\/li>\n<\/ul>\n<hr>\n<p><a href=\"https:\/\/wahlspain.es\/tienda\/wp-content\/uploads\/rex-ES-PT.pdf\">Baizar folha de dados<\/a><\/p>\n","protected":false},"excerpt":{"rendered":"<p><strong>REF:<\/strong> 1230-0078<\/p>\n","protected":false},"featured_media":2293,"comment_status":"closed","ping_status":"closed","template":"","meta":{"site-sidebar-layout":"default","site-content-layout":"default","ast-global-header-display":"","ast-banner-title-visibility":"","ast-main-header-display":"","ast-hfb-above-header-display":"","ast-hfb-below-header-display":"","ast-hfb-mobile-header-display":"","site-post-title":"","ast-breadcrumbs-content":"","ast-featured-img":"","footer-sml-layout":"","theme-transparent-header-meta":"default","adv-header-id-meta":"","stick-header-meta":"","header-above-stick-meta":"","header-main-stick-meta":"","header-below-stick-meta":""},"product_cat":[580,1043,1048,1056,1057],"product_tag":[853,1058,608,1059],"publishpress_future_action":{"enabled":false,"date":"2026-04-16 13:03:37","action":"draft","terms":[],"taxonomy":"product_cat"},"_links":{"self":[{"href":"https:\/\/wahlspain.es\/tienda\/pt-pt\/wp-json\/wp\/v2\/product\/2289"}],"collection":[{"href":"https:\/\/wahlspain.es\/tienda\/pt-pt\/wp-json\/wp\/v2\/product"}],"about":[{"href":"https:\/\/wahlspain.es\/tienda\/pt-pt\/wp-json\/wp\/v2\/types\/product"}],"replies":[{"embeddable":true,"href":"https:\/\/wahlspain.es\/tienda\/pt-pt\/wp-json\/wp\/v2\/comments?post=2289"}],"wp:featuredmedia":[{"embeddable":true,"href":"https:\/\/wahlspain.es\/tienda\/pt-pt\/wp-json\/wp\/v2\/media\/2293"}],"wp:attachment":[{"href":"https:\/\/wahlspain.es\/tienda\/pt-pt\/wp-json\/wp\/v2\/media?parent=2289"}],"wp:term":[{"taxonomy":"product_cat","embeddable":true,"href":"https:\/\/wahlspain.es\/tienda\/pt-pt\/wp-json\/wp\/v2\/product_cat?post=2289"},{"taxonomy":"product_tag","embeddable":true,"href":"https:\/\/wahlspain.es\/tienda\/pt-pt\/wp-json\/wp\/v2\/product_tag?post=2289"}],"curies":[{"name":"wp","href":"https:\/\/api.w.org\/{rel}","templated":true}]}}