{"id":2283,"date":"2020-07-31T08:16:00","date_gmt":"2020-07-31T06:16:01","guid":{"rendered":"https:\/\/wahlspain.es\/tienda\/?post_type=product&#038;p=2283"},"modified":"2022-11-29T13:23:28","modified_gmt":"2022-11-29T12:23:28","slug":"recondicionada-moser-max-45","status":"publish","type":"product","link":"https:\/\/wahlspain.es\/tienda\/pt-pt\/producto\/recondicionada-moser-max-45\/","title":{"rendered":"*RECONDICIONADA \/ MOSER MAX 45"},"content":{"rendered":"<h1>MOSER MAX 45 \/ RECONDICIONADA<\/h1>\n<p>&nbsp;<\/p>\n<p><strong>Robusta e potente para o corte completo de c\u00e3es de grande porte. <\/strong><\/p>\n<ul>\n<li>Motor robusto 2400\/3000 rpm.<\/li>\n<li>L\u00e2minas de precis\u00e3o &#8220;Made in Germany&#8221; com comprimento de corte de 1mm. Troca r\u00e1pida de l\u00e2minas.<\/li>\n<li>Cabo flex\u00edvel de 3m e ficha extra segura para o animal e a pessoa<\/li>\n<li>Inclui pentes de metal de 10 e 16 mm.<\/li>\n<li>Compat\u00edvel com STAR BLADE e pentes de outros tamanhos<\/li>\n<\/ul>\n<hr>\n<p><a href=\"https:\/\/wahlspain.es\/tienda\/wp-content\/uploads\/max-45-ES-PT.pdf\">Baizar folha de dados<\/a><\/p>\n","protected":false},"excerpt":{"rendered":"<p><strong>REF:<\/strong> 1245.0066<\/p>\n","protected":false},"featured_media":2287,"comment_status":"closed","ping_status":"closed","template":"","meta":{"site-sidebar-layout":"default","site-content-layout":"default","ast-global-header-display":"","ast-banner-title-visibility":"","ast-main-header-display":"","ast-hfb-above-header-display":"","ast-hfb-below-header-display":"","ast-hfb-mobile-header-display":"","site-post-title":"","ast-breadcrumbs-content":"","ast-featured-img":"","footer-sml-layout":"","theme-transparent-header-meta":"default","adv-header-id-meta":"","stick-header-meta":"","header-above-stick-meta":"","header-main-stick-meta":"","header-below-stick-meta":""},"product_cat":[580,1043,1048,1056,1057],"product_tag":[853,1063,1064,608,1034],"publishpress_future_action":{"enabled":false,"date":"2026-04-18 15:14:57","action":"draft","terms":[],"taxonomy":"product_cat"},"_links":{"self":[{"href":"https:\/\/wahlspain.es\/tienda\/pt-pt\/wp-json\/wp\/v2\/product\/2283"}],"collection":[{"href":"https:\/\/wahlspain.es\/tienda\/pt-pt\/wp-json\/wp\/v2\/product"}],"about":[{"href":"https:\/\/wahlspain.es\/tienda\/pt-pt\/wp-json\/wp\/v2\/types\/product"}],"replies":[{"embeddable":true,"href":"https:\/\/wahlspain.es\/tienda\/pt-pt\/wp-json\/wp\/v2\/comments?post=2283"}],"wp:featuredmedia":[{"embeddable":true,"href":"https:\/\/wahlspain.es\/tienda\/pt-pt\/wp-json\/wp\/v2\/media\/2287"}],"wp:attachment":[{"href":"https:\/\/wahlspain.es\/tienda\/pt-pt\/wp-json\/wp\/v2\/media?parent=2283"}],"wp:term":[{"taxonomy":"product_cat","embeddable":true,"href":"https:\/\/wahlspain.es\/tienda\/pt-pt\/wp-json\/wp\/v2\/product_cat?post=2283"},{"taxonomy":"product_tag","embeddable":true,"href":"https:\/\/wahlspain.es\/tienda\/pt-pt\/wp-json\/wp\/v2\/product_tag?post=2283"}],"curies":[{"name":"wp","href":"https:\/\/api.w.org\/{rel}","templated":true}]}}