{"id":2252,"date":"2020-07-30T15:54:48","date_gmt":"2020-07-30T13:54:49","guid":{"rendered":"https:\/\/wahlspain.es\/tienda\/?post_type=product&#038;p=2252"},"modified":"2021-09-27T11:05:46","modified_gmt":"2021-09-27T09:05:46","slug":"recondicionada-wahl-magic-clip","status":"publish","type":"product","link":"https:\/\/wahlspain.es\/tienda\/pt-pt\/producto\/recondicionada-wahl-magic-clip\/","title":{"rendered":"*RECONDICIONADA \/ WAHL Magic Clip"},"content":{"rendered":"<h1 class=\"product-name\">MAGIC CLIP \/ RECONDICIONADA<\/h1>\n<h3 class=\"product-price\"><\/h3>\n<h3 class=\"product-subheading\">M\u00e1quina de corte profissional com cabo<\/h3>\n<p>A Magic Clip se posiciona como uma das m\u00e1quinas da linha 5 estrelas com a melhor rela\u00e7\u00e3o custo-benef\u00edcio. Perfeita para desenvolver degrad\u00e9s<\/p>\n<h3 class=\"product-subheading\">Caracter\u00edsticas principais<\/h3>\n<ul class=\"product-features\">\n<li>Motor DC V5000 electromagn\u00e9tico<\/li>\n<li>Para cortes rasurados<\/li>\n<li>Ajust\u00e1vel para &#8220;0&#8221; manualmente<\/li>\n<\/ul>\n<hr>\n<p><a href=\"https:\/\/wahlspain.es\/tienda\/wp-content\/uploads\/08451-316H_MAGIC-CLIP_Wahl_Fact-Sheets_5StarSeries_GB.pdf\"><strong>Baixa<\/strong><strong>r<\/strong><strong> folha <\/strong><strong>de dados<\/strong><\/a><\/p>\n","protected":false},"excerpt":{"rendered":"<p><strong>REF:<\/strong> 08451-316H<\/p>\n","protected":false},"featured_media":2256,"comment_status":"closed","ping_status":"closed","template":"","meta":{"site-sidebar-layout":"default","site-content-layout":"default","ast-global-header-display":"","ast-banner-title-visibility":"","ast-main-header-display":"","ast-hfb-above-header-display":"","ast-hfb-below-header-display":"","ast-hfb-mobile-header-display":"","site-post-title":"","ast-breadcrumbs-content":"","ast-featured-img":"","footer-sml-layout":"","theme-transparent-header-meta":"default","adv-header-id-meta":"","stick-header-meta":"","header-above-stick-meta":"","header-main-stick-meta":"","header-below-stick-meta":""},"product_cat":[580,1043,1044,1045,1046],"product_tag":[1078,1077,1079,722],"publishpress_future_action":{"enabled":false,"date":"2026-04-18 17:59:32","action":"draft","terms":[],"taxonomy":"product_cat"},"_links":{"self":[{"href":"https:\/\/wahlspain.es\/tienda\/pt-pt\/wp-json\/wp\/v2\/product\/2252"}],"collection":[{"href":"https:\/\/wahlspain.es\/tienda\/pt-pt\/wp-json\/wp\/v2\/product"}],"about":[{"href":"https:\/\/wahlspain.es\/tienda\/pt-pt\/wp-json\/wp\/v2\/types\/product"}],"replies":[{"embeddable":true,"href":"https:\/\/wahlspain.es\/tienda\/pt-pt\/wp-json\/wp\/v2\/comments?post=2252"}],"wp:featuredmedia":[{"embeddable":true,"href":"https:\/\/wahlspain.es\/tienda\/pt-pt\/wp-json\/wp\/v2\/media\/2256"}],"wp:attachment":[{"href":"https:\/\/wahlspain.es\/tienda\/pt-pt\/wp-json\/wp\/v2\/media?parent=2252"}],"wp:term":[{"taxonomy":"product_cat","embeddable":true,"href":"https:\/\/wahlspain.es\/tienda\/pt-pt\/wp-json\/wp\/v2\/product_cat?post=2252"},{"taxonomy":"product_tag","embeddable":true,"href":"https:\/\/wahlspain.es\/tienda\/pt-pt\/wp-json\/wp\/v2\/product_tag?post=2252"}],"curies":[{"name":"wp","href":"https:\/\/api.w.org\/{rel}","templated":true}]}}