{"id":2225,"date":"2020-07-30T13:39:10","date_gmt":"2020-07-30T11:39:11","guid":{"rendered":"https:\/\/wahlspain.es\/tienda\/?post_type=product&#038;p=2225"},"modified":"2022-03-09T11:09:44","modified_gmt":"2022-03-09T10:09:44","slug":"recondicionada-moser-lipro2","status":"publish","type":"product","link":"https:\/\/wahlspain.es\/tienda\/pt-pt\/producto\/recondicionada-moser-lipro2\/","title":{"rendered":"*RECONDICIONADA \/ MOSER Class 50"},"content":{"rendered":"<h1>MOSER CLASS 50 \/ RECONDICIONADA<\/h1>\n<p>&nbsp;<\/p>\n<p><strong>STAR BLADE:<\/strong><br \/>\nCabe\u00e7a de corte profissional de a\u00e7o inoxid\u00e1vel de alta tecnologia com resultado uniforme e longa vida, gra\u00e7as \u00e0 alta precis\u00e3o de corte &#8220;Made in Germany&#8221;.<\/p>\n<p><strong>VARI\u00c1VEL:<\/strong><br \/>\nTroca r\u00e1pida de l\u00e2minas Dispon\u00edvel uma grande variedade de conjuntos de l\u00e2minas<\/p>\n<p><strong>POTENTE:<\/strong><br \/>\nExtremamente poderoso e silencioso. Motor de 50W para uso cont\u00ednuo.<\/p>\n<p><strong>ERGON\u00d4MICO<\/strong><br \/>\nErgon\u00f4mico, convenientemente projetado e f\u00e1cil de usar de acordo com as demandas do profissional.<\/p>\n<p><strong>ACESS\u00d3RIOS INCLU\u00cdDOS:<\/strong><\/p>\n<ul>\n<li>1 conjunto de l\u00e2minas STAR BLADE de 1 mm<\/li>\n<li>escova de limpeza<\/li>\n<li>\u00f3leo<\/li>\n<\/ul>\n","protected":false},"excerpt":{"rendered":"<p><strong>REF:<\/strong> 1250-0060<\/p>\n","protected":false},"featured_media":2232,"comment_status":"closed","ping_status":"closed","template":"","meta":{"site-sidebar-layout":"default","site-content-layout":"default","ast-global-header-display":"","ast-banner-title-visibility":"","ast-main-header-display":"","ast-hfb-above-header-display":"","ast-hfb-below-header-display":"","ast-hfb-mobile-header-display":"","site-post-title":"","ast-breadcrumbs-content":"","ast-featured-img":"","footer-sml-layout":"","theme-transparent-header-meta":"default","adv-header-id-meta":"","stick-header-meta":"","header-above-stick-meta":"","header-main-stick-meta":"","header-below-stick-meta":""},"product_cat":[580,1043,1048,1049,1086],"product_tag":[851,1090,853,608,852],"publishpress_future_action":{"enabled":false,"date":"2026-04-16 14:14:18","action":"draft","terms":[],"taxonomy":"product_cat"},"_links":{"self":[{"href":"https:\/\/wahlspain.es\/tienda\/pt-pt\/wp-json\/wp\/v2\/product\/2225"}],"collection":[{"href":"https:\/\/wahlspain.es\/tienda\/pt-pt\/wp-json\/wp\/v2\/product"}],"about":[{"href":"https:\/\/wahlspain.es\/tienda\/pt-pt\/wp-json\/wp\/v2\/types\/product"}],"replies":[{"embeddable":true,"href":"https:\/\/wahlspain.es\/tienda\/pt-pt\/wp-json\/wp\/v2\/comments?post=2225"}],"wp:featuredmedia":[{"embeddable":true,"href":"https:\/\/wahlspain.es\/tienda\/pt-pt\/wp-json\/wp\/v2\/media\/2232"}],"wp:attachment":[{"href":"https:\/\/wahlspain.es\/tienda\/pt-pt\/wp-json\/wp\/v2\/media?parent=2225"}],"wp:term":[{"taxonomy":"product_cat","embeddable":true,"href":"https:\/\/wahlspain.es\/tienda\/pt-pt\/wp-json\/wp\/v2\/product_cat?post=2225"},{"taxonomy":"product_tag","embeddable":true,"href":"https:\/\/wahlspain.es\/tienda\/pt-pt\/wp-json\/wp\/v2\/product_tag?post=2225"}],"curies":[{"name":"wp","href":"https:\/\/api.w.org\/{rel}","templated":true}]}}