{"id":2223,"date":"2020-07-30T13:33:43","date_gmt":"2020-07-30T11:33:44","guid":{"rendered":"https:\/\/wahlspain.es\/tienda\/?post_type=product&#038;p=2223"},"modified":"2020-10-06T09:33:31","modified_gmt":"2020-10-06T07:33:31","slug":"recondicionada-wahl-legend-2","status":"publish","type":"product","link":"https:\/\/wahlspain.es\/tienda\/pt-pt\/producto\/recondicionada-wahl-legend-2\/","title":{"rendered":"*RECONDICIONADA \/ WAHL Legend"},"content":{"rendered":"<h1 class=\"product-name\">WAHL LEGEND \/ Recondicionada<\/h1>\n<h3 class=\"product-subheading\">M\u00e1quina de corte profissional com cabo<\/h3>\n<p>The Legend \u00e9 um \u00edcone dentro da linha de 5 estrelas gra\u00e7as \u00e0 sua l\u00e2mina Wedge e seu poderoso motor V9000.<\/p>\n<h3 class=\"product-subheading\">Caracter\u00edsticas principais<\/h3>\n<ul class=\"product-features\">\n<li>Trabalho cont\u00ednuo<\/li>\n<li>Motor electromagn\u00e9tico V9000<\/li>\n<li>L\u00e2mina \u201cCrunch\u201d<\/li>\n<li>Inclui 8 pentes PREMIUM<\/li>\n<\/ul>\n<hr>\n<p><a href=\"https:\/\/wahlspain.es\/tienda\/wp-content\/uploads\/8147_Legend.pdf\"><strong>Baixar folha de dados<\/strong><\/a><\/p>\n","protected":false},"excerpt":{"rendered":"<p><strong>REF:<\/strong> 08147-416H<\/p>\n","protected":false},"featured_media":2216,"comment_status":"closed","ping_status":"closed","template":"","meta":{"site-sidebar-layout":"default","site-content-layout":"default","ast-global-header-display":"","ast-banner-title-visibility":"","ast-main-header-display":"","ast-hfb-above-header-display":"","ast-hfb-below-header-display":"","ast-hfb-mobile-header-display":"","site-post-title":"","ast-breadcrumbs-content":"","ast-featured-img":"","footer-sml-layout":"","theme-transparent-header-meta":"default","adv-header-id-meta":"","stick-header-meta":"","header-above-stick-meta":"","header-main-stick-meta":"","header-below-stick-meta":""},"product_cat":[580,1043,1044,1045,1046],"product_tag":[1091,839,728],"publishpress_future_action":{"enabled":false,"date":"2026-04-16 18:45:36","action":"draft","terms":[],"taxonomy":"product_cat"},"_links":{"self":[{"href":"https:\/\/wahlspain.es\/tienda\/pt-pt\/wp-json\/wp\/v2\/product\/2223"}],"collection":[{"href":"https:\/\/wahlspain.es\/tienda\/pt-pt\/wp-json\/wp\/v2\/product"}],"about":[{"href":"https:\/\/wahlspain.es\/tienda\/pt-pt\/wp-json\/wp\/v2\/types\/product"}],"replies":[{"embeddable":true,"href":"https:\/\/wahlspain.es\/tienda\/pt-pt\/wp-json\/wp\/v2\/comments?post=2223"}],"wp:featuredmedia":[{"embeddable":true,"href":"https:\/\/wahlspain.es\/tienda\/pt-pt\/wp-json\/wp\/v2\/media\/2216"}],"wp:attachment":[{"href":"https:\/\/wahlspain.es\/tienda\/pt-pt\/wp-json\/wp\/v2\/media?parent=2223"}],"wp:term":[{"taxonomy":"product_cat","embeddable":true,"href":"https:\/\/wahlspain.es\/tienda\/pt-pt\/wp-json\/wp\/v2\/product_cat?post=2223"},{"taxonomy":"product_tag","embeddable":true,"href":"https:\/\/wahlspain.es\/tienda\/pt-pt\/wp-json\/wp\/v2\/product_tag?post=2223"}],"curies":[{"name":"wp","href":"https:\/\/api.w.org\/{rel}","templated":true}]}}