{"id":2212,"date":"2020-07-30T13:10:09","date_gmt":"2020-07-30T11:10:10","guid":{"rendered":"https:\/\/wahlspain.es\/tienda\/?post_type=product&#038;p=2212"},"modified":"2020-10-06T09:33:32","modified_gmt":"2020-10-06T07:33:32","slug":"reacondicionada-ermila-motion-nano","status":"publish","type":"product","link":"https:\/\/wahlspain.es\/tienda\/pt-pt\/producto\/reacondicionada-ermila-motion-nano\/","title":{"rendered":"*RECONDICIONADA \/ Ermila Motion NANO"},"content":{"rendered":"<h1>Ermila motion nano<\/h1>\n<p><strong>STAR BLADE ll:<\/strong><br \/>\nNova cabe\u00e7a de corte profissional de alta qualidade em a\u00e7o especial &#8220;Made in Germany&#8221;. Apurado perfeito de 0,4 mm. Guia para facilitar a limpeza gra\u00e7as \u00e0 parte traseira fechada da cabe\u00e7a.<\/p>\n<p><strong>SISTEMA DE TROCA R\u00c1PIDA DE L\u00c2MINA:<\/strong><br \/>\nL\u00e2mina de troca r\u00e1pida para limpar ou substituir por outras l\u00e2minas<\/p>\n<p><strong>PROFISSIONAL:<\/strong><br \/>\nCom fun\u00e7\u00e3o a bateria e a cabo e carregamento de 2h At\u00e9 100 minutos de autonomia. Carregador universal, tamb\u00e9m adequado para Ermila \u00ae Motion.<\/p>\n<p><strong>INTELIGENTE:<\/strong><br \/>\nLED de controle de carga integrado.<\/p>\n<p><strong>ERGON\u00d4MICO:<\/strong><br \/>\nSuper leve e silencioso. Apenas 130 g.<\/p>\n<hr>\n<p><strong><a href=\"https:\/\/ermila.es\/media\/product_catalog\/1585-0040_MotionNano.pdf\" target=\"_blank\" rel=\"noopener\">Baixar folha de dados<\/a><\/strong><\/p>\n","protected":false},"excerpt":{"rendered":"<p><strong>REF:<\/strong> 1585-0040<\/p>\n","protected":false},"featured_media":2219,"comment_status":"closed","ping_status":"closed","template":"","meta":{"site-sidebar-layout":"default","site-content-layout":"default","ast-global-header-display":"","ast-banner-title-visibility":"","ast-main-header-display":"","ast-hfb-above-header-display":"","ast-hfb-below-header-display":"","ast-hfb-mobile-header-display":"","site-post-title":"","ast-breadcrumbs-content":"","ast-featured-img":"","footer-sml-layout":"","theme-transparent-header-meta":"default","adv-header-id-meta":"","stick-header-meta":"","header-above-stick-meta":"","header-main-stick-meta":"","header-below-stick-meta":""},"product_cat":[580,1043,1092,1093,1094],"product_tag":[1096,1095,626,1098,1097],"publishpress_future_action":{"enabled":false,"date":"2026-04-18 16:43:27","action":"draft","terms":[],"taxonomy":"product_cat"},"_links":{"self":[{"href":"https:\/\/wahlspain.es\/tienda\/pt-pt\/wp-json\/wp\/v2\/product\/2212"}],"collection":[{"href":"https:\/\/wahlspain.es\/tienda\/pt-pt\/wp-json\/wp\/v2\/product"}],"about":[{"href":"https:\/\/wahlspain.es\/tienda\/pt-pt\/wp-json\/wp\/v2\/types\/product"}],"replies":[{"embeddable":true,"href":"https:\/\/wahlspain.es\/tienda\/pt-pt\/wp-json\/wp\/v2\/comments?post=2212"}],"wp:featuredmedia":[{"embeddable":true,"href":"https:\/\/wahlspain.es\/tienda\/pt-pt\/wp-json\/wp\/v2\/media\/2219"}],"wp:attachment":[{"href":"https:\/\/wahlspain.es\/tienda\/pt-pt\/wp-json\/wp\/v2\/media?parent=2212"}],"wp:term":[{"taxonomy":"product_cat","embeddable":true,"href":"https:\/\/wahlspain.es\/tienda\/pt-pt\/wp-json\/wp\/v2\/product_cat?post=2212"},{"taxonomy":"product_tag","embeddable":true,"href":"https:\/\/wahlspain.es\/tienda\/pt-pt\/wp-json\/wp\/v2\/product_tag?post=2212"}],"curies":[{"name":"wp","href":"https:\/\/api.w.org\/{rel}","templated":true}]}}