{"id":2200,"date":"2020-07-29T17:16:07","date_gmt":"2020-07-29T15:16:07","guid":{"rendered":"https:\/\/wahlspain.es\/tienda\/?post_type=product&#038;p=2200"},"modified":"2020-10-06T09:33:33","modified_gmt":"2020-10-06T07:33:33","slug":"recondicionada-wahl-detailer","status":"publish","type":"product","link":"https:\/\/wahlspain.es\/tienda\/pt-pt\/producto\/recondicionada-wahl-detailer\/","title":{"rendered":"*RECONDICIONADA \/ WAHL Detailer"},"content":{"rendered":"<h1 class=\"product-name\">WAHL DETAILER (<em><strong>Produto recondicionado) <\/strong><\/em><em>&#8211; Cor Bordeaux &#8211;<\/em><\/h1>\n<h3 class=\"product-subheading\">M\u00e1quina de corte profissional com cabo<\/h3>\n<p>A perfei\u00e7\u00e3o est\u00e1 nos detalhes. A Detailer com TBlade se posiciona como uma das melhores m\u00e1quinas do mercado para retoque de barba.<\/p>\n<h3 class=\"product-subheading\">Caracter\u00edsticas principais<\/h3>\n<ul class=\"product-features\">\n<li>Trabalho cont\u00ednuo<\/li>\n<li>Motor rotativo muito resistente e eficiente.<\/li>\n<li>Perfeita para todos os tipos de cortes.<\/li>\n<li>Ajust\u00e1vel em &#8220;0&#8221; manualmente.<\/li>\n<\/ul>\n<hr>\n<p><a href=\"https:\/\/wahlspain.es\/tienda\/wp-content\/uploads\/detailer-burdeos.pdf\"><strong>Baixar folha de dados<\/strong><\/a><\/p>\n","protected":false},"excerpt":{"rendered":"<p><strong>REF:<\/strong> 08081-026H<\/p>\n","protected":false},"featured_media":2205,"comment_status":"closed","ping_status":"closed","template":"","meta":{"site-sidebar-layout":"default","site-content-layout":"default","ast-global-header-display":"","ast-banner-title-visibility":"","ast-main-header-display":"","ast-hfb-above-header-display":"","ast-hfb-below-header-display":"","ast-hfb-mobile-header-display":"","site-post-title":"","ast-breadcrumbs-content":"","ast-featured-img":"","footer-sml-layout":"","theme-transparent-header-meta":"default","adv-header-id-meta":"","stick-header-meta":"","header-above-stick-meta":"","header-main-stick-meta":"","header-below-stick-meta":""},"product_cat":[580,1043,1044,1045,1099],"product_tag":[1101,1102,665,1100],"publishpress_future_action":{"enabled":false,"date":"2026-04-18 16:53:29","action":"draft","terms":[],"taxonomy":"product_cat"},"_links":{"self":[{"href":"https:\/\/wahlspain.es\/tienda\/pt-pt\/wp-json\/wp\/v2\/product\/2200"}],"collection":[{"href":"https:\/\/wahlspain.es\/tienda\/pt-pt\/wp-json\/wp\/v2\/product"}],"about":[{"href":"https:\/\/wahlspain.es\/tienda\/pt-pt\/wp-json\/wp\/v2\/types\/product"}],"replies":[{"embeddable":true,"href":"https:\/\/wahlspain.es\/tienda\/pt-pt\/wp-json\/wp\/v2\/comments?post=2200"}],"wp:featuredmedia":[{"embeddable":true,"href":"https:\/\/wahlspain.es\/tienda\/pt-pt\/wp-json\/wp\/v2\/media\/2205"}],"wp:attachment":[{"href":"https:\/\/wahlspain.es\/tienda\/pt-pt\/wp-json\/wp\/v2\/media?parent=2200"}],"wp:term":[{"taxonomy":"product_cat","embeddable":true,"href":"https:\/\/wahlspain.es\/tienda\/pt-pt\/wp-json\/wp\/v2\/product_cat?post=2200"},{"taxonomy":"product_tag","embeddable":true,"href":"https:\/\/wahlspain.es\/tienda\/pt-pt\/wp-json\/wp\/v2\/product_tag?post=2200"}],"curies":[{"name":"wp","href":"https:\/\/api.w.org\/{rel}","templated":true}]}}