{"id":2181,"date":"2020-07-29T13:51:28","date_gmt":"2020-07-29T11:51:29","guid":{"rendered":"https:\/\/wahlspain.es\/tienda\/?post_type=product&#038;p=2181"},"modified":"2021-10-25T16:14:23","modified_gmt":"2021-10-25T14:14:23","slug":"pente-regulable-de-3-a-6-mm-2","status":"publish","type":"product","link":"https:\/\/wahlspain.es\/tienda\/pt-pt\/producto\/pente-regulable-de-3-a-6-mm-2\/","title":{"rendered":"Pente ajust\u00e1vel de 3 a 6 mm"},"content":{"rendered":"<p>Pente de pl\u00e1stico ajust\u00e1vel de <strong>3 a 6 mm<\/strong> compat\u00edvel com <strong>ChroMini Pro <\/strong>e <strong>1400 Mini<\/strong>.<\/p>\n","protected":false},"excerpt":{"rendered":"<p><strong>REF:<\/strong> 1590-7050<\/p>\n","protected":false},"featured_media":2183,"comment_status":"closed","ping_status":"closed","template":"","meta":{"site-sidebar-layout":"default","site-content-layout":"default","ast-global-header-display":"","ast-banner-title-visibility":"","ast-main-header-display":"","ast-hfb-above-header-display":"","ast-hfb-below-header-display":"","ast-hfb-mobile-header-display":"","site-post-title":"","ast-breadcrumbs-content":"","ast-featured-img":"","footer-sml-layout":"","theme-transparent-header-meta":"default","adv-header-id-meta":"","stick-header-meta":"","header-above-stick-meta":"","header-main-stick-meta":"","header-below-stick-meta":""},"product_cat":[580,846,848,1016],"product_tag":[1112,1116,1114,1113,1115],"publishpress_future_action":{"enabled":false,"date":"2026-04-16 15:49:53","action":"draft","terms":[],"taxonomy":"product_cat"},"_links":{"self":[{"href":"https:\/\/wahlspain.es\/tienda\/pt-pt\/wp-json\/wp\/v2\/product\/2181"}],"collection":[{"href":"https:\/\/wahlspain.es\/tienda\/pt-pt\/wp-json\/wp\/v2\/product"}],"about":[{"href":"https:\/\/wahlspain.es\/tienda\/pt-pt\/wp-json\/wp\/v2\/types\/product"}],"replies":[{"embeddable":true,"href":"https:\/\/wahlspain.es\/tienda\/pt-pt\/wp-json\/wp\/v2\/comments?post=2181"}],"wp:featuredmedia":[{"embeddable":true,"href":"https:\/\/wahlspain.es\/tienda\/pt-pt\/wp-json\/wp\/v2\/media\/2183"}],"wp:attachment":[{"href":"https:\/\/wahlspain.es\/tienda\/pt-pt\/wp-json\/wp\/v2\/media?parent=2181"}],"wp:term":[{"taxonomy":"product_cat","embeddable":true,"href":"https:\/\/wahlspain.es\/tienda\/pt-pt\/wp-json\/wp\/v2\/product_cat?post=2181"},{"taxonomy":"product_tag","embeddable":true,"href":"https:\/\/wahlspain.es\/tienda\/pt-pt\/wp-json\/wp\/v2\/product_tag?post=2181"}],"curies":[{"name":"wp","href":"https:\/\/api.w.org\/{rel}","templated":true}]}}