{"id":2058,"date":"2020-07-28T15:51:39","date_gmt":"2020-07-28T13:51:40","guid":{"rendered":"https:\/\/wahlspain.es\/tienda\/?post_type=product&#038;p=2058"},"modified":"2021-10-25T16:13:19","modified_gmt":"2021-10-25T14:13:19","slug":"pente-de-plastico-ajustavel-de-25-mm-2","status":"publish","type":"product","link":"https:\/\/wahlspain.es\/tienda\/pt-pt\/producto\/pente-de-plastico-ajustavel-de-25-mm-2\/","title":{"rendered":"Pente de pl\u00e1stico ajust\u00e1vel de 2,5 mm"},"content":{"rendered":"<p>Pente de pl\u00e1stico \/ <strong>2,5 mm<\/strong><\/p>\n<p>*Compat\u00edvel com <strong>Beretto e Beretto Black de WAHL\u00ae.<\/strong><\/p>\n<p>*Compat\u00edvel com <strong>Motion e Bellina de Ermila\u00ae<\/strong>.<\/p>\n<p>*Compat\u00edvel com a maioria das m\u00e1quinas <strong>MOSER\u00ae.<\/strong><\/p>\n","protected":false},"excerpt":{"rendered":"<p><strong>REF:<\/strong> 1881-7520<\/p>\n","protected":false},"featured_media":2060,"comment_status":"closed","ping_status":"closed","template":"","meta":{"site-sidebar-layout":"default","site-content-layout":"default","ast-global-header-display":"","ast-banner-title-visibility":"","ast-main-header-display":"","ast-hfb-above-header-display":"","ast-hfb-below-header-display":"","ast-hfb-mobile-header-display":"","site-post-title":"","ast-breadcrumbs-content":"","ast-featured-img":"","footer-sml-layout":"","theme-transparent-header-meta":"default","adv-header-id-meta":"","stick-header-meta":"","header-above-stick-meta":"","header-main-stick-meta":"","header-below-stick-meta":""},"product_cat":[580,815,1020,1021,846,848,1016,620,621,1105],"product_tag":[1022,1127,1128,1113,1129,1023],"publishpress_future_action":{"enabled":false,"date":"2026-04-16 12:47:29","action":"draft","terms":[],"taxonomy":"product_cat"},"_links":{"self":[{"href":"https:\/\/wahlspain.es\/tienda\/pt-pt\/wp-json\/wp\/v2\/product\/2058"}],"collection":[{"href":"https:\/\/wahlspain.es\/tienda\/pt-pt\/wp-json\/wp\/v2\/product"}],"about":[{"href":"https:\/\/wahlspain.es\/tienda\/pt-pt\/wp-json\/wp\/v2\/types\/product"}],"replies":[{"embeddable":true,"href":"https:\/\/wahlspain.es\/tienda\/pt-pt\/wp-json\/wp\/v2\/comments?post=2058"}],"wp:featuredmedia":[{"embeddable":true,"href":"https:\/\/wahlspain.es\/tienda\/pt-pt\/wp-json\/wp\/v2\/media\/2060"}],"wp:attachment":[{"href":"https:\/\/wahlspain.es\/tienda\/pt-pt\/wp-json\/wp\/v2\/media?parent=2058"}],"wp:term":[{"taxonomy":"product_cat","embeddable":true,"href":"https:\/\/wahlspain.es\/tienda\/pt-pt\/wp-json\/wp\/v2\/product_cat?post=2058"},{"taxonomy":"product_tag","embeddable":true,"href":"https:\/\/wahlspain.es\/tienda\/pt-pt\/wp-json\/wp\/v2\/product_tag?post=2058"}],"curies":[{"name":"wp","href":"https:\/\/api.w.org\/{rel}","templated":true}]}}