{"id":2014,"date":"2020-07-28T11:05:41","date_gmt":"2020-07-28T09:05:42","guid":{"rendered":"https:\/\/wahlspain.es\/tienda\/?post_type=product&#038;p=2014"},"modified":"2022-03-09T11:16:35","modified_gmt":"2022-03-09T10:16:35","slug":"pente-metal-ajustavel-de-10-mm-2","status":"publish","type":"product","link":"https:\/\/wahlspain.es\/tienda\/pt-pt\/producto\/pente-metal-ajustavel-de-10-mm-2\/","title":{"rendered":"Pente de metal ajust\u00e1vel de 10 mm"},"content":{"rendered":"<p>Pente com dentes de metal \/ <strong>n\u00ba6 &#8211; 19 mm<\/strong><\/p>\n<p>*Compat\u00edvel com <strong>Beretto e Beretto Black de WAHL\u00ae.<\/strong><\/p>\n<p>*Compat\u00edvel com <strong>Motion e Bellina de Ermila\u00ae<\/strong>.<\/p>\n<p>*Compat\u00edvel com a maior\u00eda das m\u00e1quinas <strong>MOSER\u00ae.<\/strong><\/p>\n","protected":false},"excerpt":{"rendered":"<p><strong>REF:<\/strong> 1233-7150<\/p>\n","protected":false},"featured_media":2016,"comment_status":"closed","ping_status":"closed","template":"","meta":{"site-sidebar-layout":"default","site-content-layout":"default","ast-global-header-display":"","ast-banner-title-visibility":"","ast-main-header-display":"","ast-hfb-above-header-display":"","ast-hfb-below-header-display":"","ast-hfb-mobile-header-display":"","site-post-title":"","ast-breadcrumbs-content":"","ast-featured-img":"","footer-sml-layout":"","theme-transparent-header-meta":"default","adv-header-id-meta":"","stick-header-meta":"","header-above-stick-meta":"","header-main-stick-meta":"","header-below-stick-meta":""},"product_cat":[580,815,1020,1021,846,848,1016,620,621,1105],"product_tag":[1022,1127,1128,1134,1113,1023],"publishpress_future_action":{"enabled":false,"date":"2026-04-16 13:01:09","action":"draft","terms":[],"taxonomy":"product_cat"},"_links":{"self":[{"href":"https:\/\/wahlspain.es\/tienda\/pt-pt\/wp-json\/wp\/v2\/product\/2014"}],"collection":[{"href":"https:\/\/wahlspain.es\/tienda\/pt-pt\/wp-json\/wp\/v2\/product"}],"about":[{"href":"https:\/\/wahlspain.es\/tienda\/pt-pt\/wp-json\/wp\/v2\/types\/product"}],"replies":[{"embeddable":true,"href":"https:\/\/wahlspain.es\/tienda\/pt-pt\/wp-json\/wp\/v2\/comments?post=2014"}],"wp:featuredmedia":[{"embeddable":true,"href":"https:\/\/wahlspain.es\/tienda\/pt-pt\/wp-json\/wp\/v2\/media\/2016"}],"wp:attachment":[{"href":"https:\/\/wahlspain.es\/tienda\/pt-pt\/wp-json\/wp\/v2\/media?parent=2014"}],"wp:term":[{"taxonomy":"product_cat","embeddable":true,"href":"https:\/\/wahlspain.es\/tienda\/pt-pt\/wp-json\/wp\/v2\/product_cat?post=2014"},{"taxonomy":"product_tag","embeddable":true,"href":"https:\/\/wahlspain.es\/tienda\/pt-pt\/wp-json\/wp\/v2\/product_tag?post=2014"}],"curies":[{"name":"wp","href":"https:\/\/api.w.org\/{rel}","templated":true}]}}