{"id":1882,"date":"2020-07-24T08:41:58","date_gmt":"2020-07-24T06:41:58","guid":{"rendered":"https:\/\/wahlspain.es\/tienda\/?post_type=product&#038;p=1882"},"modified":"2021-09-27T14:04:46","modified_gmt":"2021-09-27T12:04:46","slug":"oleo-para-laminas-wahl-1183-ml","status":"publish","type":"product","link":"https:\/\/wahlspain.es\/tienda\/pt-pt\/producto\/oleo-para-laminas-wahl-1183-ml\/","title":{"rendered":"\u00d3leo para l\u00e2minas WAHL 118,3 ml"},"content":{"rendered":"<p>\u00d3leo especial para prolongar a vida \u00fatil e melhorar o desempenho das l\u00e2minas<\/p>\n","protected":false},"excerpt":{"rendered":"<p><strong>REF:<\/strong> 03311<\/p>\n","protected":false},"featured_media":1884,"comment_status":"closed","ping_status":"closed","template":"","meta":{"site-sidebar-layout":"default","site-content-layout":"default","ast-global-header-display":"","ast-banner-title-visibility":"","ast-main-header-display":"","ast-hfb-above-header-display":"","ast-hfb-below-header-display":"","ast-hfb-mobile-header-display":"","site-post-title":"","ast-breadcrumbs-content":"","ast-featured-img":"","footer-sml-layout":"","theme-transparent-header-meta":"default","adv-header-id-meta":"","stick-header-meta":"","header-above-stick-meta":"","header-main-stick-meta":"","header-below-stick-meta":""},"product_cat":[580,815,1020,1021,816,1028,846,848,1016,837,1029,620,1105],"product_tag":[1022,1170,1160,1023,1121],"publishpress_future_action":{"enabled":false,"date":"2026-04-16 15:37:37","action":"draft","terms":[],"taxonomy":"product_cat"},"_links":{"self":[{"href":"https:\/\/wahlspain.es\/tienda\/pt-pt\/wp-json\/wp\/v2\/product\/1882"}],"collection":[{"href":"https:\/\/wahlspain.es\/tienda\/pt-pt\/wp-json\/wp\/v2\/product"}],"about":[{"href":"https:\/\/wahlspain.es\/tienda\/pt-pt\/wp-json\/wp\/v2\/types\/product"}],"replies":[{"embeddable":true,"href":"https:\/\/wahlspain.es\/tienda\/pt-pt\/wp-json\/wp\/v2\/comments?post=1882"}],"wp:featuredmedia":[{"embeddable":true,"href":"https:\/\/wahlspain.es\/tienda\/pt-pt\/wp-json\/wp\/v2\/media\/1884"}],"wp:attachment":[{"href":"https:\/\/wahlspain.es\/tienda\/pt-pt\/wp-json\/wp\/v2\/media?parent=1882"}],"wp:term":[{"taxonomy":"product_cat","embeddable":true,"href":"https:\/\/wahlspain.es\/tienda\/pt-pt\/wp-json\/wp\/v2\/product_cat?post=1882"},{"taxonomy":"product_tag","embeddable":true,"href":"https:\/\/wahlspain.es\/tienda\/pt-pt\/wp-json\/wp\/v2\/product_tag?post=1882"}],"curies":[{"name":"wp","href":"https:\/\/api.w.org\/{rel}","templated":true}]}}