{"id":1638,"date":"2020-06-17T13:35:21","date_gmt":"2020-07-02T09:12:16","guid":{"rendered":"https:\/\/wahlspain.es\/tienda\/producto\/moser-cerastyle-pro\/"},"modified":"2022-03-09T11:22:51","modified_gmt":"2022-03-09T10:22:51","slug":"moser-cerastyle-pro","status":"publish","type":"product","link":"https:\/\/wahlspain.es\/tienda\/pt-pt\/producto\/moser-cerastyle-pro\/","title":{"rendered":"MOSER Cerastyle Pro"},"content":{"rendered":"<p><strong>Alisamento suave para todos os tipos de cabelo.<\/strong><\/p>\n<p><strong>CER\u00c2MICA<\/strong>:<br \/>\nTecnologia cer\u00e2mica mais cuidadosa com o cabelo que reduz a eletricidade est\u00e1tica e deixa o cabelo sedoso e brilhante.<\/p>\n<p><strong>VARI\u00c1VEL:<\/strong><br \/>\nAs placas arredondadas e adapt\u00e1veis \u200b\u200bpermitem obter belas ondas suaves e cabelos perfeitamente lisos.<\/p>\n<p><strong>AQUECIMENTO<\/strong>:<br \/>\nAjuste de temperatura (150\u00b0C- 230\u00b0C) com indicador LED.<\/p>\n<p><strong>R\u00c1PIDO:<\/strong><br \/>\nAquecimento r\u00e1pido em apenas 30 segundos.<\/p>\n<p><strong>CABO:<\/strong><br \/>\nCabo profissional de 2,8 m com sistema anti-tor\u00e7\u00e3o e argola de suspens\u00e3o<\/p>\n<hr>\n<p><strong><a href=\"https:\/\/www.moser.es\/media\/product_catalog\/4417-0050-51_CeraStylePro.pdf\" target=\"_blank\" rel=\"noopener\">*BAIXAR \/ FOLHA DE DADOS<\/a><\/strong><\/p>\n","protected":false},"excerpt":{"rendered":"<p><strong>REF:<\/strong> 4417-0050<\/p>\n","protected":false},"featured_media":1639,"comment_status":"closed","ping_status":"closed","template":"","meta":{"site-sidebar-layout":"default","site-content-layout":"default","ast-global-header-display":"","ast-banner-title-visibility":"","ast-main-header-display":"","ast-hfb-above-header-display":"","ast-hfb-below-header-display":"","ast-hfb-mobile-header-display":"","site-post-title":"","ast-breadcrumbs-content":"","ast-featured-img":"","footer-sml-layout":"","theme-transparent-header-meta":"default","adv-header-id-meta":"","stick-header-meta":"","header-above-stick-meta":"","header-main-stick-meta":"","header-below-stick-meta":""},"product_cat":[580,846,848,856],"product_tag":[860,861,857,862,863],"publishpress_future_action":{"enabled":false,"date":"2026-04-18 12:33:10","action":"draft","terms":[],"taxonomy":"product_cat"},"_links":{"self":[{"href":"https:\/\/wahlspain.es\/tienda\/pt-pt\/wp-json\/wp\/v2\/product\/1638"}],"collection":[{"href":"https:\/\/wahlspain.es\/tienda\/pt-pt\/wp-json\/wp\/v2\/product"}],"about":[{"href":"https:\/\/wahlspain.es\/tienda\/pt-pt\/wp-json\/wp\/v2\/types\/product"}],"replies":[{"embeddable":true,"href":"https:\/\/wahlspain.es\/tienda\/pt-pt\/wp-json\/wp\/v2\/comments?post=1638"}],"wp:featuredmedia":[{"embeddable":true,"href":"https:\/\/wahlspain.es\/tienda\/pt-pt\/wp-json\/wp\/v2\/media\/1639"}],"wp:attachment":[{"href":"https:\/\/wahlspain.es\/tienda\/pt-pt\/wp-json\/wp\/v2\/media?parent=1638"}],"wp:term":[{"taxonomy":"product_cat","embeddable":true,"href":"https:\/\/wahlspain.es\/tienda\/pt-pt\/wp-json\/wp\/v2\/product_cat?post=1638"},{"taxonomy":"product_tag","embeddable":true,"href":"https:\/\/wahlspain.es\/tienda\/pt-pt\/wp-json\/wp\/v2\/product_tag?post=1638"}],"curies":[{"name":"wp","href":"https:\/\/api.w.org\/{rel}","templated":true}]}}