{"id":1627,"date":"2020-06-17T16:15:39","date_gmt":"2020-07-02T07:57:45","guid":{"rendered":"https:\/\/wahlspain.es\/tienda\/producto\/moser-class-45\/"},"modified":"2022-03-09T11:22:42","modified_gmt":"2022-03-09T10:22:42","slug":"moser-class-45","status":"publish","type":"product","link":"https:\/\/wahlspain.es\/tienda\/pt-pt\/producto\/moser-class-45\/","title":{"rendered":"MOSER Class 45"},"content":{"rendered":"<p><strong>Muito robusto, para uso cont\u00ednuo.<\/strong><\/p>\n<p><strong>STAR BLADE:<\/strong><br \/>\nL\u00e2mina profissional de a\u00e7o inoxid\u00e1vel de alta tecnologia, com resultados uniformes e uma longa vida \u00fatil, gra\u00e7as \u00e0 alta precis\u00e3o de corte &#8220;Made in Germany&#8221;.<\/p>\n<p><strong>VARI\u00c1VEL:<\/strong><br \/>\nTroca r\u00e1pida de l\u00e2minas Dispon\u00edvel uma grande variedade de conjuntos de l\u00e2minas<\/p>\n<p><strong>FLEX\u00cdVEL:<\/strong><br \/>\nDuas velocidades de pot\u00eancia. Motor com 45 W de pot\u00eancia para uso cont\u00ednuo. Nenhuma vibra\u00e7\u00e3o gra\u00e7as \u00e0 absor\u00e7\u00e3o de choque.<\/p>\n<p><strong>REFRIGERADO:<\/strong><br \/>\nArrefecimento ideal e limpeza simples gra\u00e7as ao seu filtro de ar substitu\u00edvel.<\/p>\n<p><strong>ERGON\u00d4MICO<\/strong><br \/>\nErgon\u00f4mico, convenientemente projetado e f\u00e1cil de usar de acordo com as demandas do profissional.<\/p>\n<p><strong>ACESS\u00d3RIOS INCLU\u00cdDOS:<\/strong><br \/>\n1 jogo de l\u00e2minas 1mm STAR BLADE, escova de limpeza e \u00f3leo.<\/p>\n<hr>\n<p><strong><a href=\"https:\/\/wahlspain.es\/tienda\/wp-content\/uploads\/1245-0060_Class45.pdf\">*BAIXAR \/ FOLHA DE DADOS<\/a><\/strong><\/p>\n<p>&nbsp;<\/p>\n","protected":false},"excerpt":{"rendered":"<p><strong>REF:<\/strong> 1245-0060<\/p>\n","protected":false},"featured_media":1628,"comment_status":"closed","ping_status":"closed","template":"","meta":{"site-sidebar-layout":"default","site-content-layout":"default","ast-global-header-display":"","ast-banner-title-visibility":"","ast-main-header-display":"","ast-hfb-above-header-display":"","ast-hfb-below-header-display":"","ast-hfb-mobile-header-display":"","site-post-title":"","ast-breadcrumbs-content":"","ast-featured-img":"","footer-sml-layout":"","theme-transparent-header-meta":"default","adv-header-id-meta":"","stick-header-meta":"","header-above-stick-meta":"","header-main-stick-meta":"","header-below-stick-meta":""},"product_cat":[580,846,848,850],"product_tag":[810,855,811,812,854,600,602],"publishpress_future_action":{"enabled":false,"date":"2026-04-16 12:47:24","action":"draft","terms":[],"taxonomy":"product_cat"},"_links":{"self":[{"href":"https:\/\/wahlspain.es\/tienda\/pt-pt\/wp-json\/wp\/v2\/product\/1627"}],"collection":[{"href":"https:\/\/wahlspain.es\/tienda\/pt-pt\/wp-json\/wp\/v2\/product"}],"about":[{"href":"https:\/\/wahlspain.es\/tienda\/pt-pt\/wp-json\/wp\/v2\/types\/product"}],"replies":[{"embeddable":true,"href":"https:\/\/wahlspain.es\/tienda\/pt-pt\/wp-json\/wp\/v2\/comments?post=1627"}],"wp:featuredmedia":[{"embeddable":true,"href":"https:\/\/wahlspain.es\/tienda\/pt-pt\/wp-json\/wp\/v2\/media\/1628"}],"wp:attachment":[{"href":"https:\/\/wahlspain.es\/tienda\/pt-pt\/wp-json\/wp\/v2\/media?parent=1627"}],"wp:term":[{"taxonomy":"product_cat","embeddable":true,"href":"https:\/\/wahlspain.es\/tienda\/pt-pt\/wp-json\/wp\/v2\/product_cat?post=1627"},{"taxonomy":"product_tag","embeddable":true,"href":"https:\/\/wahlspain.es\/tienda\/pt-pt\/wp-json\/wp\/v2\/product_tag?post=1627"}],"curies":[{"name":"wp","href":"https:\/\/api.w.org\/{rel}","templated":true}]}}