{"id":1604,"date":"2020-06-18T10:54:56","date_gmt":"2020-07-02T07:37:12","guid":{"rendered":"https:\/\/wahlspain.es\/tienda\/producto\/wahl-flexicut-2-en-1\/"},"modified":"2021-01-22T08:59:52","modified_gmt":"2021-01-22T07:59:52","slug":"wahl-flexicut-2-en-1","status":"publish","type":"product","link":"https:\/\/wahlspain.es\/tienda\/pt-pt\/producto\/wahl-flexicut-2-en-1\/","title":{"rendered":"WAHL Flexicut 2 en 1"},"content":{"rendered":"<h2><strong>Flexicut 2 en 1<\/strong><\/h2>\n<ul>\n<li>M\u00e1quina profissional com cabo para animais com 2 l\u00e2minas de a\u00e7o<\/li>\n<li>Sistema de troca de l\u00e2minas patenteado. F\u00e1cil montagem e desmontagem sem ferramentas<\/li>\n<li>Motor sem escova extremamente silencioso e potente.<\/li>\n<li>Design ergon\u00f4mico e \u00f3tima distribui\u00e7\u00e3o de peso.<\/li>\n<li>Cabo redondo profissional de 3m.<\/li>\n<li>Inclui 2 l\u00e2minas; corte fino e corte standard, 4 pentes ajust\u00e1veis \u200b\u200bde a\u00e7o especial de 10, 13, 16 e 19 mm, escova de limpeza e \u00f3leo<\/li>\n<\/ul>\n<hr \/>\n<p><a href=\"https:\/\/wahlspain.es\/tienda\/wp-content\/uploads\/flexicut.pdf\"><strong>* DOWNLOAD \/ FOLHAS DE DADOS<\/strong><\/a><\/p>\n<p>&nbsp;<\/p>\n","protected":false},"excerpt":{"rendered":"<p><strong>REF:<\/strong> 1234-0475<\/p>\n","protected":false},"featured_media":1605,"comment_status":"closed","ping_status":"closed","template":"","meta":{"site-sidebar-layout":"default","site-content-layout":"default","ast-global-header-display":"","ast-banner-title-visibility":"","ast-main-header-display":"","ast-hfb-above-header-display":"","ast-hfb-below-header-display":"","ast-hfb-mobile-header-display":"","site-post-title":"","ast-breadcrumbs-content":"","ast-featured-img":"","footer-sml-layout":"","theme-transparent-header-meta":"default","adv-header-id-meta":"","stick-header-meta":"","header-above-stick-meta":"","header-main-stick-meta":"","header-below-stick-meta":""},"product_cat":[580,815,816,836],"product_tag":[841,839,840],"publishpress_future_action":{"enabled":false,"date":"2026-04-16 20:14:33","action":"draft","terms":[],"taxonomy":"product_cat"},"_links":{"self":[{"href":"https:\/\/wahlspain.es\/tienda\/pt-pt\/wp-json\/wp\/v2\/product\/1604"}],"collection":[{"href":"https:\/\/wahlspain.es\/tienda\/pt-pt\/wp-json\/wp\/v2\/product"}],"about":[{"href":"https:\/\/wahlspain.es\/tienda\/pt-pt\/wp-json\/wp\/v2\/types\/product"}],"replies":[{"embeddable":true,"href":"https:\/\/wahlspain.es\/tienda\/pt-pt\/wp-json\/wp\/v2\/comments?post=1604"}],"wp:featuredmedia":[{"embeddable":true,"href":"https:\/\/wahlspain.es\/tienda\/pt-pt\/wp-json\/wp\/v2\/media\/1605"}],"wp:attachment":[{"href":"https:\/\/wahlspain.es\/tienda\/pt-pt\/wp-json\/wp\/v2\/media?parent=1604"}],"wp:term":[{"taxonomy":"product_cat","embeddable":true,"href":"https:\/\/wahlspain.es\/tienda\/pt-pt\/wp-json\/wp\/v2\/product_cat?post=1604"},{"taxonomy":"product_tag","embeddable":true,"href":"https:\/\/wahlspain.es\/tienda\/pt-pt\/wp-json\/wp\/v2\/product_tag?post=1604"}],"curies":[{"name":"wp","href":"https:\/\/api.w.org\/{rel}","templated":true}]}}