{"id":1600,"date":"2020-06-19T12:38:21","date_gmt":"2020-07-02T07:30:33","guid":{"rendered":"https:\/\/wahlspain.es\/tienda\/producto\/champo-concentrado-wahl-500-ml-deep-black\/"},"modified":"2020-09-01T14:05:43","modified_gmt":"2020-09-01T12:05:43","slug":"champo-concentrado-wahl-500-ml-deep-black","status":"publish","type":"product","link":"https:\/\/wahlspain.es\/tienda\/pt-pt\/producto\/champo-concentrado-wahl-500-ml-deep-black\/","title":{"rendered":"Champ\u00f4 concentrado WAHL 500 ml &#8211; DEEP BLACK"},"content":{"rendered":"<ul>\n<li>Para pelagem preto e branco.<\/li>\n<li>Equilibra a pigmenta\u00e7\u00e3o da pelagem, eliminando tons de cinza.<\/li>\n<li>F\u00f3rmula com extratos naturais de p\u00eassego, p\u00eara, maracuj\u00e1 e kiwi.<\/li>\n<\/ul>\n","protected":false},"excerpt":{"rendered":"<p><strong>REF:<\/strong> 2999-7510<\/p>\n","protected":false},"featured_media":1601,"comment_status":"closed","ping_status":"closed","template":"","meta":{"site-sidebar-layout":"default","site-content-layout":"default","ast-global-header-display":"","ast-banner-title-visibility":"","ast-main-header-display":"","ast-hfb-above-header-display":"","ast-hfb-below-header-display":"","ast-hfb-mobile-header-display":"","site-post-title":"","ast-breadcrumbs-content":"","ast-featured-img":"","footer-sml-layout":"","theme-transparent-header-meta":"default","adv-header-id-meta":"","stick-header-meta":"","header-above-stick-meta":"","header-main-stick-meta":"","header-below-stick-meta":""},"product_cat":[580,815,816,817,819,818,820,821],"product_tag":[826,825,824,822,823],"publishpress_future_action":{"enabled":false,"date":"2026-04-16 17:01:06","action":"draft","terms":[],"taxonomy":"product_cat"},"_links":{"self":[{"href":"https:\/\/wahlspain.es\/tienda\/pt-pt\/wp-json\/wp\/v2\/product\/1600"}],"collection":[{"href":"https:\/\/wahlspain.es\/tienda\/pt-pt\/wp-json\/wp\/v2\/product"}],"about":[{"href":"https:\/\/wahlspain.es\/tienda\/pt-pt\/wp-json\/wp\/v2\/types\/product"}],"replies":[{"embeddable":true,"href":"https:\/\/wahlspain.es\/tienda\/pt-pt\/wp-json\/wp\/v2\/comments?post=1600"}],"wp:featuredmedia":[{"embeddable":true,"href":"https:\/\/wahlspain.es\/tienda\/pt-pt\/wp-json\/wp\/v2\/media\/1601"}],"wp:attachment":[{"href":"https:\/\/wahlspain.es\/tienda\/pt-pt\/wp-json\/wp\/v2\/media?parent=1600"}],"wp:term":[{"taxonomy":"product_cat","embeddable":true,"href":"https:\/\/wahlspain.es\/tienda\/pt-pt\/wp-json\/wp\/v2\/product_cat?post=1600"},{"taxonomy":"product_tag","embeddable":true,"href":"https:\/\/wahlspain.es\/tienda\/pt-pt\/wp-json\/wp\/v2\/product_tag?post=1600"}],"curies":[{"name":"wp","href":"https:\/\/api.w.org\/{rel}","templated":true}]}}