{"id":1543,"date":"2020-06-19T13:26:28","date_gmt":"2020-06-30T09:19:51","guid":{"rendered":"https:\/\/wahlspain.es\/tienda\/producto\/champo-concentrado-wahl-5-litros-dirty-beastle\/"},"modified":"2022-03-09T11:21:12","modified_gmt":"2022-03-09T10:21:12","slug":"champo-concentrado-wahl-5-litros-dirty-beastle","status":"publish","type":"product","link":"https:\/\/wahlspain.es\/tienda\/pt-pt\/producto\/champo-concentrado-wahl-5-litros-dirty-beastle\/","title":{"rendered":"Champ\u00f4 concentrado WAHL 5 Litros &#8211; DIRTY BEASTLE"},"content":{"rendered":"<ul>\n<li>Para pelagem muito sujos.<\/li>\n<li>Remove a sujeira, graxa e odores para refrescar o pelagem.<\/li>\n<li>F\u00f3rmula natural com extratos de p\u00eassego, p\u00eara, maracuj\u00e1 e kiwi.<\/li>\n<li>Rela\u00e7\u00e3o de mistura 32: 1<\/li>\n<\/ul>\n","protected":false},"excerpt":{"rendered":"<p><strong>REF:<\/strong> 2999-7580<\/p>\n","protected":false},"featured_media":3679,"comment_status":"closed","ping_status":"closed","template":"","meta":{"site-sidebar-layout":"default","site-content-layout":"default","ast-global-header-display":"","ast-banner-title-visibility":"","ast-main-header-display":"","ast-hfb-above-header-display":"","ast-hfb-below-header-display":"","ast-hfb-mobile-header-display":"","site-post-title":"","ast-breadcrumbs-content":"","ast-featured-img":"","footer-sml-layout":"","theme-transparent-header-meta":"default","adv-header-id-meta":"","stick-header-meta":"","header-above-stick-meta":"","header-main-stick-meta":"","header-below-stick-meta":""},"product_cat":[580,815,816,817,829,818,820,830],"product_tag":[826,825,824,822,823],"publishpress_future_action":{"enabled":false,"date":"2026-04-16 12:45:33","action":"draft","terms":[],"taxonomy":"product_cat"},"_links":{"self":[{"href":"https:\/\/wahlspain.es\/tienda\/pt-pt\/wp-json\/wp\/v2\/product\/1543"}],"collection":[{"href":"https:\/\/wahlspain.es\/tienda\/pt-pt\/wp-json\/wp\/v2\/product"}],"about":[{"href":"https:\/\/wahlspain.es\/tienda\/pt-pt\/wp-json\/wp\/v2\/types\/product"}],"replies":[{"embeddable":true,"href":"https:\/\/wahlspain.es\/tienda\/pt-pt\/wp-json\/wp\/v2\/comments?post=1543"}],"wp:featuredmedia":[{"embeddable":true,"href":"https:\/\/wahlspain.es\/tienda\/pt-pt\/wp-json\/wp\/v2\/media\/3679"}],"wp:attachment":[{"href":"https:\/\/wahlspain.es\/tienda\/pt-pt\/wp-json\/wp\/v2\/media?parent=1543"}],"wp:term":[{"taxonomy":"product_cat","embeddable":true,"href":"https:\/\/wahlspain.es\/tienda\/pt-pt\/wp-json\/wp\/v2\/product_cat?post=1543"},{"taxonomy":"product_tag","embeddable":true,"href":"https:\/\/wahlspain.es\/tienda\/pt-pt\/wp-json\/wp\/v2\/product_tag?post=1543"}],"curies":[{"name":"wp","href":"https:\/\/api.w.org\/{rel}","templated":true}]}}