{"id":1351,"date":"2020-06-16T15:59:01","date_gmt":"2020-06-24T10:36:03","guid":{"rendered":"https:\/\/wahlspain.es\/tienda\/producto\/ermila-motion\/"},"modified":"2021-01-22T09:24:49","modified_gmt":"2021-01-22T08:24:49","slug":"ermila-motion","status":"publish","type":"product","link":"https:\/\/wahlspain.es\/tienda\/pt-pt\/producto\/ermila-motion\/","title":{"rendered":"ERMILA Motion"},"content":{"rendered":"<p><strong>Suporte tipo tesora para maior versatilidade e conforto no trabalho.<\/strong><\/p>\n<p><strong>INOVATIVA: <\/strong><br \/>\nDesign elegante e inovador com al\u00e7a para maior seguran\u00e7a e manuseio super ergon\u00f4mico.<\/p>\n<p><strong>MAGIC BLADE:<\/strong><br \/>\nL\u00e2mina de a\u00e7o inoxid\u00e1vel de alta qualidade &#8220;Made in Germany&#8221;. Com ajuste de comprimento de corte integrado de 0,7 a 3 mm. Limpeza f\u00e1cil.<\/p>\n<p><strong>TROCA R\u00c1PIDA:<\/strong><br \/>\nSistema de troca r\u00e1pida da l\u00e2mina.<\/p>\n<p><strong>PROFISSIONAL:<\/strong><br \/>\n45 minutos de carga, com bateria Li-ion altamente eficiente e dur\u00e1vel, sem efeito de mem\u00f3ria. At\u00e9 90 minutos de autonomia. Inclui base de carregamento universal, tamb\u00e9m v\u00e1lida para Ermila nano \u00ae.<\/p>\n<p><strong>INTELIGENTE: <\/strong><br \/>\nIndicador LED do tipo n\u00edvel de bateria (sistema de sem\u00e1foro). Bot\u00e3o ligar e desligar.<\/p>\n<p><strong>VELOCIDADE CONSTANTE:<\/strong><br \/>\nMotor controlado por cavacos para pot\u00eancia de corte constante<\/p>\n<hr>\n<p><a href=\"https:\/\/ermila.es\/media\/product_catalog\/1885-0040_Motion.pdf\" target=\"_blank\" rel=\"noopener\">*BAIXAR \/ FOLHA DE DADOS<\/a><\/p>\n","protected":false},"excerpt":{"rendered":"<p><strong>REF:<\/strong> 1885-0042<\/p>\n","protected":false},"featured_media":3457,"comment_status":"closed","ping_status":"closed","template":"","meta":{"site-sidebar-layout":"default","site-content-layout":"default","ast-global-header-display":"","ast-banner-title-visibility":"","ast-main-header-display":"","ast-hfb-above-header-display":"","ast-hfb-below-header-display":"","ast-hfb-mobile-header-display":"","site-post-title":"","ast-breadcrumbs-content":"","ast-featured-img":"","footer-sml-layout":"","theme-transparent-header-meta":"default","adv-header-id-meta":"","stick-header-meta":"","header-above-stick-meta":"","header-main-stick-meta":"","header-below-stick-meta":""},"product_cat":[580,620,621,622],"product_tag":[624,625,648],"publishpress_future_action":{"enabled":false,"date":"2026-04-16 12:57:26","action":"draft","terms":[],"taxonomy":"product_cat"},"_links":{"self":[{"href":"https:\/\/wahlspain.es\/tienda\/pt-pt\/wp-json\/wp\/v2\/product\/1351"}],"collection":[{"href":"https:\/\/wahlspain.es\/tienda\/pt-pt\/wp-json\/wp\/v2\/product"}],"about":[{"href":"https:\/\/wahlspain.es\/tienda\/pt-pt\/wp-json\/wp\/v2\/types\/product"}],"replies":[{"embeddable":true,"href":"https:\/\/wahlspain.es\/tienda\/pt-pt\/wp-json\/wp\/v2\/comments?post=1351"}],"wp:featuredmedia":[{"embeddable":true,"href":"https:\/\/wahlspain.es\/tienda\/pt-pt\/wp-json\/wp\/v2\/media\/3457"}],"wp:attachment":[{"href":"https:\/\/wahlspain.es\/tienda\/pt-pt\/wp-json\/wp\/v2\/media?parent=1351"}],"wp:term":[{"taxonomy":"product_cat","embeddable":true,"href":"https:\/\/wahlspain.es\/tienda\/pt-pt\/wp-json\/wp\/v2\/product_cat?post=1351"},{"taxonomy":"product_tag","embeddable":true,"href":"https:\/\/wahlspain.es\/tienda\/pt-pt\/wp-json\/wp\/v2\/product_tag?post=1351"}],"curies":[{"name":"wp","href":"https:\/\/api.w.org\/{rel}","templated":true}]}}