{"id":1349,"date":"2020-06-16T16:15:30","date_gmt":"2020-06-24T10:10:20","guid":{"rendered":"https:\/\/wahlspain.es\/tienda\/producto\/ermila-bellina-vermelho\/"},"modified":"2021-01-22T09:24:07","modified_gmt":"2021-01-22T08:24:07","slug":"ermila-bellina-vermelho","status":"publish","type":"product","link":"https:\/\/wahlspain.es\/tienda\/pt-pt\/producto\/ermila-bellina-vermelho\/","title":{"rendered":"ERMILA Bellina (vermelho)"},"content":{"rendered":"<p><strong>Com tecnologia de l\u00edtio. 10% mais leve<\/strong><\/p>\n<p><strong>BATERIA DE L\u00cdTIO:<\/strong><br \/>\nAs baterias de \u00edon de l\u00edtio s\u00e3o altamente eficientes e n\u00e3o t\u00eam efeito de mem\u00f3ria. At\u00e9 90 minutos de autonom\u00eda e 60 minutos de carregamento. Vida \u00fatil at\u00e9 3 vezes mais longa que as baterias convencionais. L\u00c2MINA M\u00c1GICA: Inclui l\u00e2mina de a\u00e7o inoxid\u00e1vel &#8220;Made in Germany&#8221;<\/p>\n<p><strong>TROCA R\u00c1PIDA DE L\u00c2MINA:<\/strong><br \/>\nL\u00e2minas de troca r\u00e1pida com ajuste de comprimento de corte integrado de 0,7 a 3 mm. Compat\u00edvel com a inovadora l\u00e2mina &#8220;All In One&#8221;.<\/p>\n<p><strong>VELOCIDADE CONSTANTE:<\/strong><br \/>\nMotor controlado por um chip para manter um corte consistente, independentemente do n\u00edvel de carga ou do tipo de cabelo.<\/p>\n<p><strong>SINAL AC\u00daSTICO:<\/strong><br \/>\nEstado da carga Sinal ac\u00fastico de superaquecimento (prote\u00e7\u00e3o contra sobrecarga).<\/p>\n<p><strong>INDICADOR LCD:<\/strong><br \/>\nIndicador LCD do n\u00edvel da bateria e estado da carga.<\/p>\n<hr>\n<p><strong><a href=\"https:\/\/ermila.es\/media\/product_catalog\/1870-0020-21_Bellina_1.pdf\" target=\"_blank\" rel=\"noopener\">*BAIXAR \/ FOLHA DE DADOS<\/a><\/strong><\/p>\n","protected":false},"excerpt":{"rendered":"<p><strong>REF:<\/strong> 1870-0025<\/p>\n","protected":false},"featured_media":3468,"comment_status":"closed","ping_status":"closed","template":"","meta":{"site-sidebar-layout":"default","site-content-layout":"default","ast-global-header-display":"","ast-banner-title-visibility":"","ast-main-header-display":"","ast-hfb-above-header-display":"","ast-hfb-below-header-display":"","ast-hfb-mobile-header-display":"","site-post-title":"","ast-breadcrumbs-content":"","ast-featured-img":"","footer-sml-layout":"","theme-transparent-header-meta":"default","adv-header-id-meta":"","stick-header-meta":"","header-above-stick-meta":"","header-main-stick-meta":"","header-below-stick-meta":""},"product_cat":[580,620,621,622],"product_tag":[650,627,649,652],"publishpress_future_action":{"enabled":false,"date":"2026-04-18 15:14:51","action":"draft","terms":[],"taxonomy":"product_cat"},"_links":{"self":[{"href":"https:\/\/wahlspain.es\/tienda\/pt-pt\/wp-json\/wp\/v2\/product\/1349"}],"collection":[{"href":"https:\/\/wahlspain.es\/tienda\/pt-pt\/wp-json\/wp\/v2\/product"}],"about":[{"href":"https:\/\/wahlspain.es\/tienda\/pt-pt\/wp-json\/wp\/v2\/types\/product"}],"replies":[{"embeddable":true,"href":"https:\/\/wahlspain.es\/tienda\/pt-pt\/wp-json\/wp\/v2\/comments?post=1349"}],"wp:featuredmedia":[{"embeddable":true,"href":"https:\/\/wahlspain.es\/tienda\/pt-pt\/wp-json\/wp\/v2\/media\/3468"}],"wp:attachment":[{"href":"https:\/\/wahlspain.es\/tienda\/pt-pt\/wp-json\/wp\/v2\/media?parent=1349"}],"wp:term":[{"taxonomy":"product_cat","embeddable":true,"href":"https:\/\/wahlspain.es\/tienda\/pt-pt\/wp-json\/wp\/v2\/product_cat?post=1349"},{"taxonomy":"product_tag","embeddable":true,"href":"https:\/\/wahlspain.es\/tienda\/pt-pt\/wp-json\/wp\/v2\/product_tag?post=1349"}],"curies":[{"name":"wp","href":"https:\/\/api.w.org\/{rel}","templated":true}]}}