{"id":1347,"date":"2020-06-16T16:22:11","date_gmt":"2020-06-24T09:54:44","guid":{"rendered":"https:\/\/wahlspain.es\/tienda\/producto\/ermila-bella-vermelho\/"},"modified":"2021-01-22T09:22:46","modified_gmt":"2021-01-22T08:22:46","slug":"ermila-bella-vermelho","status":"publish","type":"product","link":"https:\/\/wahlspain.es\/tienda\/pt-pt\/producto\/ermila-bella-vermelho\/","title":{"rendered":"ERMILA Bella (Vermelho)"},"content":{"rendered":"<p><strong>Retocadora profissional de bateria com elegante desenho para contornos<\/strong><\/p>\n<p><strong>STAR BLADE:<\/strong><br \/>\nConjunto de l\u00e2minas em a\u00e7o inoxid\u00e1vel Corte de alta precis\u00e3o gra\u00e7as \u00e0 tecnologia &#8220;Made in Germany&#8221;.<\/p>\n<p><strong>SISTEMA DE TROCA R\u00c1PIDA DE L\u00c2MINA:<\/strong><br \/>\nTroca r\u00e1pida de l\u00e2minas<\/p>\n<p><strong>PERFEITO:<\/strong><br \/>\nContornos precisos e proximidade segura.<\/p>\n<p><strong>CRIATIVIDADE:<\/strong><br \/>\nCompat\u00edvel com as l\u00e2minas Carving ou Designer Bade s\u00e3o adicionais e especiais para criar linhas de express\u00e3o e todos os tipos de designs.<\/p>\n<p><strong>SILENCIOSO:<\/strong><br \/>\nSuper leve e silencioso. Motor DC, com redu\u00e7\u00e3o de ru\u00eddo<\/p>\n<hr>\n<p><strong><a href=\"https:\/\/ermila.es\/media\/product_catalog\/1870-0020-21_Bellina_1.pdf\" target=\"_blank\" rel=\"noopener\">*BAIXAR \/ FOLHA DE DADOS<\/a><\/strong><\/p>\n","protected":false},"excerpt":{"rendered":"<p><strong>REF:<\/strong> 1590-0044<\/p>\n","protected":false},"featured_media":3462,"comment_status":"closed","ping_status":"closed","template":"","meta":{"site-sidebar-layout":"default","site-content-layout":"default","ast-global-header-display":"","ast-banner-title-visibility":"","ast-main-header-display":"","ast-hfb-above-header-display":"","ast-hfb-below-header-display":"","ast-hfb-mobile-header-display":"","site-post-title":"","ast-breadcrumbs-content":"","ast-featured-img":"","footer-sml-layout":"","theme-transparent-header-meta":"default","adv-header-id-meta":"","stick-header-meta":"","header-above-stick-meta":"","header-main-stick-meta":"","header-below-stick-meta":""},"product_cat":[580,620,621,623],"product_tag":[637,636,627,635,631,638],"publishpress_future_action":{"enabled":false,"date":"2026-04-18 17:59:49","action":"draft","terms":[],"taxonomy":"product_cat"},"_links":{"self":[{"href":"https:\/\/wahlspain.es\/tienda\/pt-pt\/wp-json\/wp\/v2\/product\/1347"}],"collection":[{"href":"https:\/\/wahlspain.es\/tienda\/pt-pt\/wp-json\/wp\/v2\/product"}],"about":[{"href":"https:\/\/wahlspain.es\/tienda\/pt-pt\/wp-json\/wp\/v2\/types\/product"}],"replies":[{"embeddable":true,"href":"https:\/\/wahlspain.es\/tienda\/pt-pt\/wp-json\/wp\/v2\/comments?post=1347"}],"wp:featuredmedia":[{"embeddable":true,"href":"https:\/\/wahlspain.es\/tienda\/pt-pt\/wp-json\/wp\/v2\/media\/3462"}],"wp:attachment":[{"href":"https:\/\/wahlspain.es\/tienda\/pt-pt\/wp-json\/wp\/v2\/media?parent=1347"}],"wp:term":[{"taxonomy":"product_cat","embeddable":true,"href":"https:\/\/wahlspain.es\/tienda\/pt-pt\/wp-json\/wp\/v2\/product_cat?post=1347"},{"taxonomy":"product_tag","embeddable":true,"href":"https:\/\/wahlspain.es\/tienda\/pt-pt\/wp-json\/wp\/v2\/product_tag?post=1347"}],"curies":[{"name":"wp","href":"https:\/\/api.w.org\/{rel}","templated":true}]}}