{"id":1342,"date":"2020-06-16T16:45:19","date_gmt":"2020-06-24T09:29:16","guid":{"rendered":"https:\/\/wahlspain.es\/tienda\/producto\/mala-ermila-motion-motion-nano\/"},"modified":"2021-10-25T17:19:28","modified_gmt":"2021-10-25T15:19:28","slug":"ermila-maletin-motion-motion-nano","status":"publish","type":"product","link":"https:\/\/wahlspain.es\/tienda\/pt-pt\/producto\/ermila-maletin-motion-motion-nano\/","title":{"rendered":"Mala ERMILA Motion NANO"},"content":{"rendered":"<p><strong>Mala dur\u00e1vel e elegante que inclui as Motion e Motion Nano a um pre\u00e7o especial.<\/strong><\/p>\n<h3><strong>&#8211; MOTION &#8211;<\/strong><\/h3>\n<p><strong>INOVATIVA: <\/strong><br \/>\nDesign elegante e inovador com al\u00e7a para maior seguran\u00e7a e manuseio super ergon\u00f4mico.<\/p>\n<p><strong>MAGIC BLADE:<\/strong><br \/>\nL\u00e2mina de a\u00e7o inoxid\u00e1vel de alta qualidade &#8220;Made in Germany&#8221;. Com ajuste de comprimento de corte integrado de 0,7 a 3 mm. Limpeza f\u00e1cil.<\/p>\n<p><b>TROCA R\u00c1PIDA:<\/b><br \/>\nSistema de troca r\u00e1pida da l\u00e2mina.<\/p>\n<p><strong>PROFISSIONAL:<\/strong><br \/>\n45 minutos de carga, com bateria Li-ion altamente eficiente e dur\u00e1vel, sem efeito de mem\u00f3ria. At\u00e9 90 minutos de autonomia. Inclui base de carregamento universal, tamb\u00e9m v\u00e1lida para Ermila nano \u00ae.<\/p>\n<p><strong>INTELIGENTE: <\/strong><br \/>\nIndicador LED do tipo n\u00edvel de bateria (sistema de sem\u00e1foro). Bot\u00e3o ligar e desligar.<\/p>\n<p><strong>VELOCIDADE CONSTANTE:<\/strong><br \/>\nMotor controlado por cavacos para pot\u00eancia de corte constante<\/p>\n<p>&nbsp;<\/p>\n<h3><strong>&#8211; MOTION NANO &#8211;<\/strong><\/h3>\n<p><strong>STAR BLADE ll:<\/strong><br \/>\nNova cabe\u00e7a de corte profissional de alta qualidade em a\u00e7o especial &#8220;Made in Germany&#8221;. Apurado perfeito de 0,4 mm. Guia para facilitar a limpeza gra\u00e7as \u00e0 parte traseira fechada da cabe\u00e7a.<\/p>\n<p><strong>SISTEMA DE TROCA R\u00c1PIDA DE L\u00c2MINA:<\/strong><br \/>\nL\u00e2mina de troca r\u00e1pida para limpar ou substituir por outras l\u00e2minas<\/p>\n<p><strong>PROFISSIONAL:<\/strong><br \/>\nCom fun\u00e7\u00e3o a bateria e a cabo e carregamento de 2h At\u00e9 100 minutos de autonomia. Carregador universal, apto tamb\u00e9m adequado para Ermila \u00ae motion.<\/p>\n<p><strong>INTELIGENTE:<\/strong><br \/>\nLED de controle de carga integrado.<\/p>\n<p><strong>ERGON\u00d4MICO:<\/strong><br \/>\nSuper leve e silencioso. Apenas 130 g.<\/p>\n<hr>\n<p><strong>*MOTION &#8211; <a href=\"https:\/\/ermila.es\/media\/product_catalog\/1885-0040_Motion.pdf\" target=\"_blank\" rel=\"noopener\">BAIXA \/ FOLHA DE DADOS<\/a><\/strong><\/p>\n<p><strong>*MOTION NANO &#8211; <a href=\"https:\/\/ermila.es\/media\/product_catalog\/1585-0040_MotionNano.pdf\" target=\"_blank\" rel=\"noopener\">BAIXAR \/ FOLHA DE DADOS<\/a><\/strong><\/p>\n","protected":false},"excerpt":{"rendered":"<p><strong>REF:<\/strong> 1885-0141<\/p>\n","protected":false},"featured_media":3473,"comment_status":"closed","ping_status":"closed","template":"","meta":{"site-sidebar-layout":"default","site-content-layout":"default","ast-global-header-display":"","ast-banner-title-visibility":"","ast-main-header-display":"","ast-hfb-above-header-display":"","ast-hfb-below-header-display":"","ast-hfb-mobile-header-display":"","site-post-title":"","ast-breadcrumbs-content":"","ast-featured-img":"","footer-sml-layout":"","theme-transparent-header-meta":"default","adv-header-id-meta":"","stick-header-meta":"","header-above-stick-meta":"","header-main-stick-meta":"","header-below-stick-meta":""},"product_cat":[580,620,621,622,623],"product_tag":[627,624,629,625,628,626],"publishpress_future_action":{"enabled":false,"date":"2026-04-16 17:08:52","action":"draft","terms":[],"taxonomy":"product_cat"},"_links":{"self":[{"href":"https:\/\/wahlspain.es\/tienda\/pt-pt\/wp-json\/wp\/v2\/product\/1342"}],"collection":[{"href":"https:\/\/wahlspain.es\/tienda\/pt-pt\/wp-json\/wp\/v2\/product"}],"about":[{"href":"https:\/\/wahlspain.es\/tienda\/pt-pt\/wp-json\/wp\/v2\/types\/product"}],"replies":[{"embeddable":true,"href":"https:\/\/wahlspain.es\/tienda\/pt-pt\/wp-json\/wp\/v2\/comments?post=1342"}],"wp:featuredmedia":[{"embeddable":true,"href":"https:\/\/wahlspain.es\/tienda\/pt-pt\/wp-json\/wp\/v2\/media\/3473"}],"wp:attachment":[{"href":"https:\/\/wahlspain.es\/tienda\/pt-pt\/wp-json\/wp\/v2\/media?parent=1342"}],"wp:term":[{"taxonomy":"product_cat","embeddable":true,"href":"https:\/\/wahlspain.es\/tienda\/pt-pt\/wp-json\/wp\/v2\/product_cat?post=1342"},{"taxonomy":"product_tag","embeddable":true,"href":"https:\/\/wahlspain.es\/tienda\/pt-pt\/wp-json\/wp\/v2\/product_tag?post=1342"}],"curies":[{"name":"wp","href":"https:\/\/api.w.org\/{rel}","templated":true}]}}