{"id":7401,"date":"2018-07-16T18:13:45","date_gmt":"2020-07-30T14:50:31","guid":{"rendered":"https:\/\/wahlspain.es\/productos\/sem%20categoria\/maq-moser-1565-genio-antrac\/"},"modified":"2020-09-10T10:00:18","modified_gmt":"2020-09-10T08:00:18","slug":"maq-moser-1565-genio-antrac","status":"publish","type":"product","link":"https:\/\/wahlspain.es\/pt-pt\/productos\/suporte-tecnico\/moser-pt-pt\/maq-moser-1565-genio-antrac\/","title":{"rendered":"M\u00e1q. Moser 1565 Genio antrac."},"content":{"rendered":"<p>Pequena MOSER. Simplesmente genial. A Genio \u00e9 leve (130 g) com tudo o que o profissional precisa. Portanto, \u00e9 um prazer trabalhar. Horas e horas.<\/p>\n","protected":false},"excerpt":{"rendered":"<p>Pequena MOSER. Simplesmente genial. A Genio \u00e9 leve (130 g) com tudo o que o profissional precisa. Portanto, \u00e9 um prazer trabalhar. Horas e horas.<\/p>\n","protected":false},"featured_media":0,"template":"","meta":[],"product_cat":[1269,1272,1325],"product_tag":[],"_links":{"self":[{"href":"https:\/\/wahlspain.es\/pt-pt\/wp-json\/wp\/v2\/product\/7401"}],"collection":[{"href":"https:\/\/wahlspain.es\/pt-pt\/wp-json\/wp\/v2\/product"}],"about":[{"href":"https:\/\/wahlspain.es\/pt-pt\/wp-json\/wp\/v2\/types\/product"}],"wp:attachment":[{"href":"https:\/\/wahlspain.es\/pt-pt\/wp-json\/wp\/v2\/media?parent=7401"}],"wp:term":[{"taxonomy":"product_cat","embeddable":true,"href":"https:\/\/wahlspain.es\/pt-pt\/wp-json\/wp\/v2\/product_cat?post=7401"},{"taxonomy":"product_tag","embeddable":true,"href":"https:\/\/wahlspain.es\/pt-pt\/wp-json\/wp\/v2\/product_tag?post=7401"}],"curies":[{"name":"wp","href":"https:\/\/api.w.org\/{rel}","templated":true}]}}