{"id":7062,"date":"2020-07-20T14:07:30","date_gmt":"2020-07-20T12:07:30","guid":{"rendered":"https:\/\/wahlspain.es\/politica-de-cookies\/"},"modified":"2020-07-20T14:07:33","modified_gmt":"2020-07-20T12:07:33","slug":"politica-de-cookies","status":"publish","type":"page","link":"https:\/\/wahlspain.es\/pt-pt\/politica-de-cookies\/","title":{"rendered":"Pol\u00edtica de cookies"},"content":{"rendered":"<h1>Pol\u00edtica de cookies<\/h1>\n<p>\n Um <em>cookie<\/em> \u00e9 um pequeno arquivo de texto que \u00e9 armazenado no seu navegador quando voc\u00ea visita quase qualquer p\u00e1gina da web. Sua utilidade \u00e9 que a web consegue lembrar sua visita quando voc\u00ea navega nessa p\u00e1gina novamente. Os <em>cookies<\/em>geralmente armazenam informa\u00e7\u00f5es de natureza t\u00e9cnica, prefer\u00eancias pessoais, personaliza\u00e7\u00e3o de conte\u00fado, estat\u00edsticas de uso, links para redes sociais, acesso a contas de usu\u00e1rio etc. O objetivo do <em>cookie<\/em> \u00e9 adaptar o conte\u00fado da web ao seu perfil e necessidades, sem <em>cookies<\/em> os servi\u00e7os oferecidos por qualquer p\u00e1gina seriam significativamente reduzidos. Se voc\u00ea quiser ver mais informa\u00e7\u00f5es sobre o que s\u00e3o <em>cookies<\/em>, o que eles armazenam, como elimin\u00e1-los, desativ\u00e1-los, etc., <a href=\"http:\/\/wahlspain.es\/mas-informacion-sobre-las-cookies\/\">acesse este link.<\/a>\n<\/p>\n<h2>Cookies utilizados neste site<\/h2>\n<p>\n Seguindo as diretrizes da Ag\u00eancia Espanhola de Prote\u00e7\u00e3o de Dados, continuamos detalhando o uso de <em>cookies<\/em> feitos por este site para inform\u00e1-lo com a maior precis\u00e3o poss\u00edvel.\n<\/p>\n<p>\n Este site utiliza os seguintes <strong>cookies pr\u00f3prios<\/strong>:\n\t<\/p>\n<ul>\n<li>Cookies de sess\u00e3o, para garantir que os usu\u00e1rios que escrevem coment\u00e1rios no blog sejam aplicativos humanos e n\u00e3o automatizados. Dessa forma, o <em>spam<\/em> \u00e9 combatido.<\/li>\n<\/ul>\n<p>\n Este site usa os seguintes <strong>cookies de terceiros:<\/strong>\n\t<\/p>\n<ul>\n<li>Google Analytics: armazena <em>cookies<\/em>para poder compilar estat\u00edsticas sobre o tr\u00e1fego e o volume de visitas a este site. Ao usar este site, voc\u00ea concorda com o processamento de informa\u00e7\u00f5es sobre voc\u00ea pelo Google. Portanto, o exerc\u00edcio de qualquer direito a esse respeito deve ser feito atrav\u00e9s da comunica\u00e7\u00e3o direta com o Google.<\/li>\n<li>Redes sociais: cada rede social usa seus pr\u00f3prios <em>cookies<\/em> para que voc\u00ea possa clicar em bot\u00f5es como <em>like<\/em> ou <em>Compartilhar.<\/em><\/li>\n<\/ul>\n<h2>Desativa\u00e7\u00e3o ou elimina\u00e7\u00e3o de cookies<\/h2>\n<p>\n A qualquer momento, voc\u00ea pode exercer o seu direito de desativar ou excluir cookies deste site. Essas a\u00e7\u00f5es s\u00e3o executadas de maneira diferente, dependendo do navegador que voc\u00ea est\u00e1 usando<a href=\"http:\/\/wahlspain.es\/mas-informacion-sobre-las-cookies\/#navegadores\">. Aqui deixamos um guia r\u00e1pido para os navegadores mais populares.<\/a>\n<\/p>\n<h2>Notas Adicionais<\/h2>\n<\/p>\n<ul>\n<li>\n Nem este site nem seus representantes legais s\u00e3o respons\u00e1veis \u200b\u200bpelo conte\u00fado ou pela veracidade das pol\u00edticas de privacidade que terceiros mencionados nesta pol\u00edtica de <em>cookies<\/em>possam ter.\n\t\t<\/li>\n<li>\n Os navegadores da Web s\u00e3o as ferramentas encarregadas de armazenar <em>cookies<\/em> e, a partir deste local, voc\u00ea deve exercer seu direito de elimin\u00e1-los ou desativ\u00e1-los. Nem este site nem seus representantes legais podem garantir a manipula\u00e7\u00e3o correta ou incorreta de <em>cookies<\/em> pelos navegadores mencionados acima.\n\t\t<\/li>\n<li>\n Em alguns casos, \u00e9 necess\u00e1rio instalar <em>cookies<\/em> para que o navegador n\u00e3o esque\u00e7a sua decis\u00e3o de n\u00e3o aceit\u00e1-los.\n\t\t<\/li>\n<li>\n No caso de <em>cookies<\/em> do Google Analytics, esta empresa armazena <em>cookies<\/em> em servidores localizados nos Estados Unidos e concorda em n\u00e3o compartilh\u00e1-los com terceiros, exceto nos casos em que for necess\u00e1rio para a opera\u00e7\u00e3o do sistema ou quando a lei exigir tal efeito. Segundo o Google, ele n\u00e3o salva seu endere\u00e7o IP. Google Inc. \u00e9 uma empresa aderente ao Acordo de Porto Seguro que garante que todos os dados transferidos ser\u00e3o tratados com um n\u00edvel de prote\u00e7\u00e3o de acordo com os regulamentos europeus. Voc\u00ea pode consultar informa\u00e7\u00f5es detalhadas a esse respeito <a href=\"http:\/\/safeharbor.export.gov\/companyinfo.aspx?id=16626\" target=\"_blank\" rel=\"noopener noreferrer\">neste link.<\/a> Se voc\u00ea deseja obter informa\u00e7\u00f5es sobre o uso que o Google oferece aos cookies, <a href=\"https:\/\/developers.google.com\/analytics\/devguides\/collection\/analyticsjs\/cookie-usage?hl=es&amp;csw=1\" target=\"_blank\" rel=\"noopener noreferrer\">anexamos esse outro link.<\/a>\n\t\t<\/li>\n<li>\n Para qualquer pergunta ou d\u00favida sobre esta pol\u00edtica de <em>cookies<\/em>, n\u00e3o hesite em nos contatar atrav\u00e9s da se\u00e7\u00e3o de contato.<\/a>\n\t\t<\/li>\n<\/ul>\n","protected":false},"excerpt":{"rendered":"<p>Pol\u00edtica de cookies Um cookie \u00e9 um pequeno arquivo de texto que \u00e9 armazenado no seu navegador quando voc\u00ea visita quase qualquer p\u00e1gina da web. Sua utilidade \u00e9 que a web consegue lembrar sua visita quando voc\u00ea navega nessa p\u00e1gina novamente. Os cookiesgeralmente armazenam informa\u00e7\u00f5es de natureza t\u00e9cnica, prefer\u00eancias pessoais, personaliza\u00e7\u00e3o de conte\u00fado, estat\u00edsticas de [&#8230;]\n","protected":false},"author":33,"featured_media":0,"parent":0,"menu_order":0,"comment_status":"closed","ping_status":"closed","template":"","meta":{"footnotes":""},"_links":{"self":[{"href":"https:\/\/wahlspain.es\/pt-pt\/wp-json\/wp\/v2\/pages\/7062"}],"collection":[{"href":"https:\/\/wahlspain.es\/pt-pt\/wp-json\/wp\/v2\/pages"}],"about":[{"href":"https:\/\/wahlspain.es\/pt-pt\/wp-json\/wp\/v2\/types\/page"}],"author":[{"embeddable":true,"href":"https:\/\/wahlspain.es\/pt-pt\/wp-json\/wp\/v2\/users\/33"}],"replies":[{"embeddable":true,"href":"https:\/\/wahlspain.es\/pt-pt\/wp-json\/wp\/v2\/comments?post=7062"}],"version-history":[{"count":0,"href":"https:\/\/wahlspain.es\/pt-pt\/wp-json\/wp\/v2\/pages\/7062\/revisions"}],"wp:attachment":[{"href":"https:\/\/wahlspain.es\/pt-pt\/wp-json\/wp\/v2\/media?parent=7062"}],"curies":[{"name":"wp","href":"https:\/\/api.w.org\/{rel}","templated":true}]}}