{"id":7010,"date":"2020-07-17T13:55:47","date_gmt":"2020-07-17T11:55:47","guid":{"rendered":"https:\/\/wahlspain.es\/mais-informacoes-sobre-cookies\/"},"modified":"2020-07-17T13:55:50","modified_gmt":"2020-07-17T11:55:50","slug":"mais-informacoes-sobre-cookies","status":"publish","type":"page","link":"https:\/\/wahlspain.es\/pt-pt\/mais-informacoes-sobre-cookies\/","title":{"rendered":"Mais informa\u00e7\u00f5es sobre cookies"},"content":{"rendered":"<h2>O que \u00e9 um cookie?<\/h2>\n<p>\n Um <em>cookie<\/em> \u00e9 um arquivo de texto<b>inofensivo<\/b> que \u00e9 armazenado no seu navegador quando voc\u00ea visita quase qualquer p\u00e1gina da web. A utilidade do <em>cookie<\/em> \u00e9 que a web \u00e9 capaz de lembrar sua visita quando voc\u00ea retorna para navegar nessa p\u00e1gina. Embora muitas pessoas n\u00e3o saibam, os <em>cookies<\/em> s\u00e3o usados \u200b\u200bh\u00e1 20 anos, quando os primeiros navegadores da Internet apareceram.\n<\/p>\n<h2>O que n\u00e3o \u00e9 um cookie?<\/h2>\n<p>\n N\u00e3o \u00e9 um v\u00edrus, nem um Trojan, nem um worm, nem spam, nem spyware, nem abre janelas pop-up.\n<\/p>\n<h2>Quais informa\u00e7\u00f5es um <em>cookie<\/em> armazena?<\/h2>\n<p>\n Os <em>cookies<\/em> geralmente n\u00e3o armazenam informa\u00e7\u00f5es confidenciais sobre voc\u00ea, como cart\u00f5es de cr\u00e9dito ou dados banc\u00e1rios, fotografias, seu ID ou informa\u00e7\u00f5es pessoais, etc. Os dados que eles mant\u00eam s\u00e3o de natureza t\u00e9cnica, prefer\u00eancias pessoais, personaliza\u00e7\u00e3o de conte\u00fado etc.\n<\/p>\n<p>\n O servidor da web n\u00e3o o associa como pessoa, mas ao seu navegador. De fato, se voc\u00ea navega regularmente com o Internet Explorer e tenta navegar no mesmo site com Firefox ou Chrome, ver\u00e1 que o site n\u00e3o percebe que voc\u00ea \u00e9 a mesma pessoa porque na verdade est\u00e1 associando o navegador, n\u00e3o a pessoa.\n<\/p>\n<h2>Que tipo de <em>cookies<\/em> existem?<\/h2>\n<\/p>\n<ul>\n<li><em>Cookies<\/em> t\u00e9cnicos: s\u00e3o os mais b\u00e1sicos e permitem, entre outras coisas, saber quando um humano ou um aplicativo automatizado est\u00e1 navegando, quando um usu\u00e1rio an\u00f4nimo e um usu\u00e1rio registrado est\u00e3o navegando, tarefas b\u00e1sicas para a opera\u00e7\u00e3o de qualquer site din\u00e2mico.<\/li>\n<li><em>Cookies<\/em> de an\u00e1lise: Eles coletam informa\u00e7\u00f5es sobre o tipo de navega\u00e7\u00e3o que voc\u00ea est\u00e1 fazendo, as se\u00e7\u00f5es que voc\u00ea mais usa, produtos consultados, hor\u00e1rio de uso, idioma, etc.<\/li>\n<li><em>Cookies<\/em> de publicidade: eles exibem publicidade com base em sua navega\u00e7\u00e3o, seu pa\u00eds de origem, idioma etc.<\/li>\n<\/ul>\n<h2>O que s\u00e3o <em>cookies<\/em>pr\u00f3prios e de terceiros?<\/h2>\n<p>\n Os <em>cookies<\/em>pr\u00f3prios s\u00e3o aqueles gerados pela p\u00e1gina que voc\u00ea est\u00e1 visitando e os <em>de terceiros<\/em> s\u00e3o os gerados por servi\u00e7os ou provedores externos, como Facebook, Twitter, Google, etc.\n<\/p>\n<h2>O que acontece se eu desativar os <em>cookies<\/em>?<\/h2>\n<p>\n Para entender o escopo da desativa\u00e7\u00e3o de <em>cookies,<\/em> mostramos alguns exemplos:\n\t<\/p>\n<ul>\n<li>Voc\u00ea n\u00e3o poder\u00e1 compartilhar conte\u00fado desse site no Facebook, Twitter ou qualquer outra rede social.<\/li>\n<li>O site n\u00e3o poder\u00e1 adaptar o conte\u00fado \u00e0s suas prefer\u00eancias pessoais, como geralmente acontece nas lojas online.<\/li>\n<li>Voc\u00ea n\u00e3o poder\u00e1 acessar a \u00e1rea pessoal desse site, como<em>Minha conta<\/em>, <em>Meu perfil<\/em> ou <em>Meus pedidos.<\/em><\/li>\n<li>Lojas on-line: ser\u00e1 imposs\u00edvel fazer compras on-line; elas dever\u00e3o ser feitas por telefone ou visitando a loja f\u00edsica, se voc\u00ea tiver uma.<\/li>\n<li>N\u00e3o ser\u00e1 poss\u00edvel personalizar suas prefer\u00eancias geogr\u00e1ficas, como fuso hor\u00e1rio, moeda ou idioma.<\/li>\n<li>O site n\u00e3o poder\u00e1 executar an\u00e1lises da Web nos visitantes e no tr\u00e1fego da Web, o que dificultar\u00e1 a competitividade da Web.<\/li>\n<li>Voc\u00ea n\u00e3o poder\u00e1 escrever no blog, n\u00e3o poder\u00e1 fazer upload de fotos, postar coment\u00e1rios, avaliar ou classificar conte\u00fado. A web tamb\u00e9m n\u00e3o poder\u00e1 saber se voc\u00ea \u00e9 um aplicativo humano ou automatizado que publica<em>spam<\/em>.<\/li>\n<li>N\u00e3o ser\u00e1 poss\u00edvel exibir publicidade setorizada, o que reduzir\u00e1 a receita de publicidade da web.<\/li>\n<li>Todas as redes sociais usam <em>cookies<\/em>; se voc\u00ea desabilit\u00e1-las, n\u00e3o poder\u00e1 usar nenhuma rede social.<\/li>\n<\/ul>\n<h2>Os <em>cookies<\/em>podem ser removidos?<\/h2>\n<p>\n S\u00ed. N\u00e3o apenas excluir, mas tamb\u00e9m bloquear, de uma maneira geral ou particular, para um dom\u00ednio espec\u00edfico.\n<\/p>\n<p>\n Para excluir <em>cookies<\/em> de um site, voc\u00ea deve acessar as configura\u00e7\u00f5es do navegador e procurar por aqueles associados ao dom\u00ednio em quest\u00e3o e exclu\u00ed-los.\n<\/p>\n<h2 id=\"navegadores\">Configura\u00e7\u00f5es de <em>cookies<\/em> para os navegadores mais populares<\/h2>\n<p>\n Aqui, indicamos como acessar um <em>cookie<\/em> espec\u00edfico no navegador <b>Chrome<\/b>. Nota: estas etapas podem variar dependendo da vers\u00e3o do navegador:\n\t<\/p>\n<ol>\n<li>V\u00e1 para Configura\u00e7\u00f5es ou Prefer\u00eancias no menu Arquivo ou clicando no \u00edcone de personaliza\u00e7\u00e3o que aparece no canto superior direito.<\/li>\n<li>Voc\u00ea ver\u00e1 se\u00e7\u00f5es diferentes, clique na op\u00e7\u00e3o <em>Mostrar op\u00e7\u00f5es avan\u00e7adas.<\/em><\/li>\n<li>V\u00e1 para <em>Privacidade<\/em>, <em>configura\u00e7\u00f5es de conte\u00fado.<\/em><\/li>\n<li>Selecione <em>Todos os <em>cookies<\/em> e dados do site.<\/em><\/li>\n<li>Uma lista ser\u00e1 exibida com todos os <em>cookies<\/em> solicitados por dom\u00ednio. Para facilitar a localiza\u00e7\u00e3o dos <em>cookies<\/em> para um determinado dom\u00ednio, digite o endere\u00e7o parcial ou totalmente no campo <em>Pesquisar cookies.<\/em><\/li>\n<li>Depois de executar esse filtro, uma ou mais linhas aparecer\u00e3o na tela com os <em>cookies<\/em> do site solicitado. Agora voc\u00ea s\u00f3 precisa selecion\u00e1-lo e pressionar o<em>X<\/em> para prosseguir com a remo\u00e7\u00e3o.<\/li>\n<\/ol>\n<p>\n Para acessar as configura\u00e7\u00f5es de <em>cookies<\/em> do navegador <b>Internet Explorer<\/b>, siga estas etapas (elas podem variar dependendo da vers\u00e3o do navegador):\n\t<\/p>\n<ol>\n<li>V\u00e1 para <em>Ferramentas<\/em>, <em>Op\u00e7\u00f5es da Internet<\/em><\/li>\n<li>Clique em <em>Privacidade.<\/em><\/li>\n<li>Mova o controle deslizante para ajustar o n\u00edvel de privacidade desejado.<\/li>\n<\/ol>\n<p>\n Para acessar as configura\u00e7\u00f5es de <em>cookies<\/em> do navegador <b>Firefox<\/b>, siga estas etapas (elas podem variar dependendo da vers\u00e3o do navegador):\n\t<\/p>\n<ol>\n<li>V\u00e1 para <em>Op\u00e7\u00f5es<\/em> ou <em>Prefer\u00eancias<\/em>, dependendo do seu sistema operacional.<\/li>\n<li>Clique em <em>Privacidade.<\/em><\/li>\n<li>Em <em>Hist\u00f3rico<\/em>, escolha <em>Usar configura\u00e7\u00f5es personalizadas para o hist\u00f3rico.<\/em><\/li>\n<li>Agora voc\u00ea ver\u00e1 a op\u00e7\u00e3o <em>Aceitar cookies<\/em>, voc\u00ea pode ativ\u00e1-lo ou desativ\u00e1-lo de acordo com suas prefer\u00eancias.<\/li>\n<\/ol>\n<p>\n Para acessar as configura\u00e7\u00f5es de <em>cookies<\/em> do navegador <b>Safari para OSX<\/b>, siga estas etapas (elas podem variar dependendo da vers\u00e3o do navegador):\n\t<\/p>\n<ol>\n<li>V\u00e1 para <em>Prefer\u00eancias<\/em> e <em>Privacidade.<\/em><\/li>\n<li>Nesse local, voc\u00ea ver\u00e1 a op\u00e7\u00e3o <em>Bloquear cookies<\/em> para poder ajustar o tipo de bloqueio que deseja executar.<\/li>\n<\/ol>\n<p>\n Para acessar as configura\u00e7\u00f5es de <em>cookies<\/em> do navegador <b>Safari para iOS<\/b>, siga estas etapas (elas podem variar dependendo da vers\u00e3o do navegador):\n\t<\/p>\n<ol>\n<li>V\u00e1 para <em>Configura\u00e7\u00f5es<\/em> e, em seguida, <em>Safari.<\/em><\/li>\n<li>V\u00e1 para <em>Privacidade e seguran\u00e7a<\/em>, voc\u00ea ver\u00e1 a op\u00e7\u00e3o <em>Bloquear cookies<\/em> para ajustar o tipo de bloqueio que deseja executar.<\/li>\n<\/ol>\n<p>\n Para acessar as configura\u00e7\u00f5es de <em>cookies<\/em> do navegador para dispositivos <b>Android<\/b>, siga estas etapas (elas podem variar dependendo da vers\u00e3o do navegador):\n\t<\/p>\n<ol>\n<li>Execute o navegador e pressione a tecla <em>Menu,<\/em>depois <em>Configura\u00e7\u00f5es.<\/em><\/li>\n<li>V\u00e1 para <em>Seguran\u00e7a e privacidade<\/em>, voc\u00ea ver\u00e1 a op\u00e7\u00e3o <em>Aceitar cookies<\/em> para ativar ou desativar a caixa.<\/li>\n<\/ol>\n<p>\n Para acessar as configura\u00e7\u00f5es de <em>cookies<\/em> do navegador para dispositivos <b>Windows Phone<\/b>, siga estas etapas (elas podem variar dependendo da vers\u00e3o do navegador):\n\t<\/p>\n<ol>\n<li>Abra o <em>Internet Explorer<\/em>, depois <em>Mais<\/em> e <em>Configura\u00e7\u00f5es.<\/em><\/li>\n<li>Agora voc\u00ea pode ativar ou desativar a caixa <em>Permitir cookies.<\/em><\/li>\n<\/ol>\n<p>\n O Cookie Advisor \u00e9 um <a href=\"http:\/\/wordpress.org\/plugins\/asesor-cookies-para-la-ley-en-espana\/\" target=\"_blank\" rel=\"noopener noreferrer\">plugin do WordPress<\/a> criado por Carlos Doral <a href=\"http:\/\/webartesanal.com\" target=\"_blank\" rel=\"noopener noreferrer\">(webartesanal.com)<\/a><\/p>\n","protected":false},"excerpt":{"rendered":"<p>O que \u00e9 um cookie? Um cookie \u00e9 um arquivo de textoinofensivo que \u00e9 armazenado no seu navegador quando voc\u00ea visita quase qualquer p\u00e1gina da web. A utilidade do cookie \u00e9 que a web \u00e9 capaz de lembrar sua visita quando voc\u00ea retorna para navegar nessa p\u00e1gina. Embora muitas pessoas n\u00e3o saibam, os cookies s\u00e3o [&#8230;]\n","protected":false},"author":33,"featured_media":0,"parent":0,"menu_order":0,"comment_status":"closed","ping_status":"closed","template":"","meta":{"footnotes":""},"_links":{"self":[{"href":"https:\/\/wahlspain.es\/pt-pt\/wp-json\/wp\/v2\/pages\/7010"}],"collection":[{"href":"https:\/\/wahlspain.es\/pt-pt\/wp-json\/wp\/v2\/pages"}],"about":[{"href":"https:\/\/wahlspain.es\/pt-pt\/wp-json\/wp\/v2\/types\/page"}],"author":[{"embeddable":true,"href":"https:\/\/wahlspain.es\/pt-pt\/wp-json\/wp\/v2\/users\/33"}],"replies":[{"embeddable":true,"href":"https:\/\/wahlspain.es\/pt-pt\/wp-json\/wp\/v2\/comments?post=7010"}],"version-history":[{"count":0,"href":"https:\/\/wahlspain.es\/pt-pt\/wp-json\/wp\/v2\/pages\/7010\/revisions"}],"wp:attachment":[{"href":"https:\/\/wahlspain.es\/pt-pt\/wp-json\/wp\/v2\/media?parent=7010"}],"curies":[{"name":"wp","href":"https:\/\/api.w.org\/{rel}","templated":true}]}}