{"id":3172,"date":"2016-11-04T13:59:48","date_gmt":"2016-11-04T13:59:48","guid":{"rendered":"http:\/\/wahlspain.es\/pt-pt\/?page_id=3172"},"modified":"2024-11-25T19:08:18","modified_gmt":"2024-11-25T18:08:18","slug":"notalegal","status":"publish","type":"page","link":"https:\/\/wahlspain.es\/pt-pt\/notalegal\/","title":{"rendered":"Nota legal"},"content":{"rendered":"\t<section class=\"section\" id=\"section_882579316\">\n\t\t<div class=\"bg section-bg fill bg-fill  bg-loaded\" >\n\n\t\t\t\n\t\t\t\n\t\t\t\n\n\t\t<\/div>\n\n\t\t\n\n\t\t<div class=\"section-content relative\">\n\t\t\t\n<div class=\"row\"  id=\"row-618619635\">\n\n\t<div id=\"col-1055473668\" class=\"col medium-6 small-12 large-6\"  >\n\t\t\t\t<div class=\"col-inner\"  >\n\t\t\t\n\t\t\t\n<div id=\"txt_info\">\n<h2>Nota Legal<\/h2>\n<p>\u00a9 Wahl Espanha, S.L.U. Todos os direitos reservados.<\/p>\n<p>1.Wahl Espanha, S.L.U., em conformidade com as disposi\u00e7\u00f5es da Lei 34\/2002 de 11 de julho de Servi\u00e7os da Sociedade da Informa\u00e7\u00e3o e Com\u00e9rcio Eletr\u00f4nico, informa que: Seu nome da empresa \u00e9 WAHLSPAIN , S.L.U. Seu CIF \u00e9 B97165062 Sua sede est\u00e1 em Plaza Enrique Granados, 9 Bajo Dcha, 46018, Valencia, Espa\u00f1a.<\/p>\n<p>2.Em nome da empresa, tratamos as informa\u00e7\u00f5es que voc\u00ea nos fornece para fornecer o servi\u00e7o solicitado aos clientes de faturamento. Os dados fornecidos ser\u00e3o mantidos desde que a rela\u00e7\u00e3o comercial seja mantida ou durante os anos necess\u00e1rios para cumprir as obriga\u00e7\u00f5es legais.<\/p>\n<p>A parte interessada foi informada para ser inclu\u00edda no tratamento acima mencionado, sendo respons\u00e1vel pela veracidade da mesma e pelas modifica\u00e7\u00f5es que sofrer\u00e1 no futuro. Quanto \u00e0 legitimidade do tratamento, ser\u00e1 regulamentado pelo RD 1619\/2012, de 30 de novembro, que aprova o regulamento pelo qual as obriga\u00e7\u00f5es de faturamento s\u00e3o reguladas.<\/p>\n<p>Se desejar, voc\u00ea pode entrar em contato com a empresa para exercer os direitos de acesso, retifica\u00e7\u00e3o, exclus\u00e3o e portabilidade de seus dados e a limita\u00e7\u00e3o ou oposi\u00e7\u00e3o ao seu tratamento Por outro lado, voc\u00ea ter\u00e1 o direito de retirar o consentimento dado e o direito de reivindicar perante a Ag\u00eancia Espanhola de Prote\u00e7\u00e3o de Dados.<\/p>\n<p>As categorias de dados tratadas s\u00e3o dados de identifica\u00e7\u00e3o, endere\u00e7os postais ou eletr\u00f4nicos, informa\u00e7\u00f5es comerciais, dados econ\u00f4micos e dados n\u00e3o especialmente protegidos s\u00e3o tratados e a origem dos dados \u00e9 pelo interessado ou seu representante legal e os clientes ser\u00e3o os coletivos interessado para esse fim.<\/p>\n<p>3. Wahl Espanha, S.L.U. informa que o site www.wahlspain.es tem o objetivo de facilitar, ao p\u00fablico em geral, o conhecimento das atividades que esta empresa realiza e dos produtos e servi\u00e7os que presta.<\/p>\n<p>4. Wahl Spain, SLU, de acordo com as disposi\u00e7\u00f5es do Regulamento (UE) 2016\/679 DO PARLAMENTO EUROPEU E DO CONSELHO de 27 de Abril de 2016 e outros regulamentos relativos \u00e0 protec\u00e7\u00e3o de dados pessoais, garante a seguran\u00e7a e confidencialidade dos dados fornecidos pelos seus clientes.<\/p>\n<p>Os dados transferidos para a WAHL Spain SLU podem ser utilizados para v\u00e1rios fins comerciais por todas as filiais do grupo WAHL. Podem tamb\u00e9m ser utilizados e armazenados nas plataformas Mailchimp e Clever Reach.<\/p>\n<p>De acordo com as disposi\u00e7\u00f5es do REGULAMENTO (UE) 2016\/679 DO PARLAMENTO EUROPEU E DO CONSELHO de 27 de abril de 2016 e outros regulamentos sobre a prote\u00e7\u00e3o de dados pessoais. Wahl Espanha, S.L.U. informa que os dados pessoais fornecidos atrav\u00e9s dos formul\u00e1rios nesta Web ou por e-mail, ser\u00e3o incorporados a um processamento de arquivo e ser\u00e3o tratadas automaticamente.<\/p>\n<p>Ao enviar os formul\u00e1rios existentes neste site, o remetente d\u00e1 o seu consentimento para ser inclu\u00eddo no tratamento acima mencionado, a fim de fornecer as informa\u00e7\u00f5es solicitadas nos formul\u00e1rios ou assinaturas.<\/p>\n<p>No caso em que o usu\u00e1rio decide preencher qualquer formul\u00e1rio neste site onde os dados pessoais s\u00e3o recolhidos, informamos-lhe que Wahl Spain, S.L.U. Adotar\u00e1 as medidas t\u00e9cnicas e organizacionais necess\u00e1rias para garantir a seguran\u00e7a dos dados fornecidos, a fim de evitar altera\u00e7\u00f5es, perdas, tratamentos ou acessos n\u00e3o autorizados, de acordo com o estado atual da tecnologia e de acordo com as disposi\u00e7\u00f5es da legisla\u00e7\u00e3o vigente.<\/p>\n<p>Wahl Espanha, S.L.U. No entanto, n\u00e3o pode garantir a impregnabilidade absoluta do sistema, a rede de acesso, a Internet e, portanto, a viola\u00e7\u00e3o dos dados atrav\u00e9s de acesso fraudulento a eles por terceiros.<\/p>\n<p>O utilizador responder\u00e1, em qualquer caso, \u00e0 veracidade das informa\u00e7\u00f5es fornecidas e \u00e9 respons\u00e1vel pela comunica\u00e7\u00e3o com a Wahl Spain, S.L.U. e sua atualiza\u00e7\u00e3o, deixando Wahl Spain, S.L.U. isenta de qualquer responsabilidade a este respeito.<\/p>\n<p>O objetivo do tratamento \u00e9 servir como suporte de informa\u00e7\u00e3o para a gest\u00e3o fiscal, administrativa, comercial, contabil\u00edstica e financeira da empresa.<\/p>\n<p>Caso deseje pode enviar correspond\u00eancia para a Wahl Spain, SLU, localizada em Fernando Giner, 12 46910-Sedav\u00ed (Valencia), a fim de exercer os seus direitos de acesso, rectifica\u00e7\u00e3o, oposi\u00e7\u00e3o cancelamento ou direito a uma limita\u00e7\u00e3o do tratamento e portabilidade de seus dados.<\/p>\n<p>5. Wahl Espanha, S.L.U. possui as devidas autoriza\u00e7\u00f5es relacionadas aos direitos de propriedade intelectual deste site e os elementos nele contidos: textos, imagens, sons, v\u00eddeos, marcas, logotipos, design, etc. Em virtude das disposi\u00e7\u00f5es dos artigos 8 e 32.1 da Lei de Propriedade Intelectual, a reprodu\u00e7\u00e3o, distribui\u00e7\u00e3o e comunica\u00e7\u00e3o p\u00fablica, incluindo a forma como \u00e9 disponibilizada, de todo ou parte do conte\u00fado deste site a comunica\u00e7\u00e3o p\u00fablica, incluindo o m\u00e9todo de disponibiliza\u00e7\u00e3o, todo ou parte do conte\u00fado deste website em qualquer meio e por qualquer meio t\u00e9cnico, sem a autoriza\u00e7\u00e3o da Wahl Spain, S.L.U., \u00e9 expressamente proibida e \/ ou de seus respectivos autores ou detentores de direitos.<\/p>\n<p>O usu\u00e1rio pode visualizar, imprimir, copiar e armazenar os elementos deste site, desde que seja \u00fanica e exclusivamente para seu uso pessoal e privado.<\/p>\n<p>O uso n\u00e3o autorizado das informa\u00e7\u00f5es contidas neste site, bem como a viola\u00e7\u00e3o dos direitos de Propriedade Intelectual ou Industrial da Wahl Spain, S.L.U., dar\u00e3o origem \u00e0s responsabilidades legalmente estabelecidas.<\/p>\n<\/div>\n\t\t<\/div>\n\t\t\t\t\t<\/div>\n\n\t\n\n\t<div id=\"col-539929569\" class=\"col medium-6 small-12 large-6\"  >\n\t\t\t\t<div class=\"col-inner\"  >\n\t\t\t\n\t\t\t\n<div id=\"txt_info\"><\/div>\n<div id=\"txt_info\">\n<p>6. Wahl Espanha, S.L.U. reserva-se o direito de fazer quaisquer altera\u00e7\u00f5es que considere adequadas em seu site sem aviso pr\u00e9vio, podendo alterar, excluir ou adicionar tanto o conte\u00fado quanto os servi\u00e7os fornecidos por ele e a maneira como s\u00e3o apresentados ou localizados.<\/p>\n<p>7. Wahl Espanha, S.L.U. n\u00e3o garante a aus\u00eancia de erros no acesso \u00e0 Web, em seu conte\u00fado ou que seja atualizado, embora desenvolva seus melhores esfor\u00e7os para, no seu caso, evitar, corrigir ou atualiz\u00e1-los.<\/p>\n<p>8. Wahl Espanha, S.L.U. n\u00e3o \u00e9 respons\u00e1vel, em qualquer caso, por danos de qualquer esp\u00e9cie que possam causar, a t\u00edtulo de exemplo: erros ou omiss\u00f5es no conte\u00fado, falta de disponibilidade do portal ou a transmiss\u00e3o de v\u00edrus ou programas maliciosos ou prejudiciais no conte\u00fado , apesar de ter adoptado todas as medidas tecnol\u00f3gicas necess\u00e1rias para o evitar.<\/p>\n<p>9. O acesso e o uso deste website d\u00e3o a voc\u00ea o status de usu\u00e1rio, aceitando com este acesso os Termos de Uso descritos abaixo.<\/p>\n<p>10. Este site fornece ao usu\u00e1rio acesso a informa\u00e7\u00f5es e conte\u00fado dos quais o usu\u00e1rio assume responsabilidade, estendendo-o ao processo de registro que pode ser necess\u00e1rio para aceder a determinados servi\u00e7os ou conte\u00fado.<\/p>\n<p>No processo de registro, o usu\u00e1rio ser\u00e1 igualmente respons\u00e1vel por fornecer informa\u00e7\u00f5es verdadeiras, leg\u00edtimas e atualizadas, bem como por fazer um uso diligente e confidencial dos dados de acesso fornecidos.<\/p>\n<p>O usu\u00e1rio compromete-se a fazer uso adequado das informa\u00e7\u00f5es, conte\u00fado e servi\u00e7os deste site e, especialmente, a n\u00e3o tomar qualquer a\u00e7\u00e3o que possa causar danos f\u00edsicos ou l\u00f3gicos ao sistema ou tentar aced\u00ea-lo de forma fraudulenta usando dados de acesso n\u00e3o autorizado<\/p>\n<p>Tanto o acesso a este site quanto o uso que pode ser feito das informa\u00e7\u00f5es nele contidas s\u00e3o de responsabilidade exclusiva da pessoa que o realiza. O usu\u00e1rio ser\u00e1 respons\u00e1vel por todas as a\u00e7\u00f5es que ele realiza com seu ID de usu\u00e1rio. Especificamente, ser\u00e1 respons\u00e1vel por escolher, como chave e como lembrete, senhas e frases fortes, ou seja, figuras e letras e, mesmo, em sistemas que permitam isso, sinais de pontua\u00e7\u00e3o e caracteres especiais, dif\u00edceis de adivinhar. Em particular, o usu\u00e1rio evitar\u00e1 escolher palavras do dicion\u00e1rio, palavras relacionadas a ele (nome da fam\u00edlia, endere\u00e7o, data de nascimento, etc.) ou simples de adivinhar (combina\u00e7\u00f5es de nomes com meses, prefixos e sufixos, etc.) . WAHL Spain SLU n\u00e3o ser\u00e1 respons\u00e1vel por qualquer consequ\u00eancia, dano ou preju\u00edzo que possa surgir de tal acesso ou uso das informa\u00e7\u00f5es.<\/p>\n<p>11. As m\u00e1quinas que permanecerem aguardando uma resposta ao or\u00e7amento elaborado, ser\u00e3o mantidas em nossas instala\u00e7\u00f5es por um per\u00edodo m\u00e1ximo de 6 meses, e posteriormente ser\u00e3o consideradas abandonadas e prosseguiremos com a reciclagem.<\/p>\n<p>12. Este site pode utilizar \u201ccookies\u201d em seu desempenho, informando o utilizador do seu objetivo de melhorar a oferta dos servi\u00e7os oferecidos, adaptando-os \u00e0s prefer\u00eancias do usu\u00e1rio e reconhecendo-o em suas diferentes visitas ao site. Os cookies s\u00e3o associados apenas a um usu\u00e1rio an\u00f4nimo e seu computador e n\u00e3o fornecem refer\u00eancias que permitam deduzir dados pessoais dos mesmos.<\/p>\n<p>13. Este aviso legal e condi\u00e7\u00f5es gerais s\u00e3o regidos pela lei espanhola e qualquer tipo de contencioso relativo \u00e0 utiliza\u00e7\u00e3o deste site ser\u00e1 interpretado de acordo com as leis em vigor no local de resid\u00eancia do propriet\u00e1rio deste site, tendo compet\u00eancia para a resolu\u00e7\u00e3o de qualquer contencioso que possam surgir os tribunais competentes no \u00e2mbito territorial espanhol, o usu\u00e1rio expressamente renunciando a qualquer outra jurisdi\u00e7\u00e3o.<\/p>\n<\/div>\n\t\t<\/div>\n\t\t\t\t\t<\/div>\n\n\t\n<\/div>\n\t\t<\/div>\n\n\t\t\n<style>\n#section_882579316 {\n  padding-top: 30px;\n  padding-bottom: 30px;\n}\n<\/style>\n\t<\/section>\n\t\n","protected":false},"excerpt":{"rendered":"","protected":false},"author":33,"featured_media":0,"parent":0,"menu_order":0,"comment_status":"closed","ping_status":"closed","template":"page-blank-title-center.php","meta":{"footnotes":""},"_links":{"self":[{"href":"https:\/\/wahlspain.es\/pt-pt\/wp-json\/wp\/v2\/pages\/3172"}],"collection":[{"href":"https:\/\/wahlspain.es\/pt-pt\/wp-json\/wp\/v2\/pages"}],"about":[{"href":"https:\/\/wahlspain.es\/pt-pt\/wp-json\/wp\/v2\/types\/page"}],"author":[{"embeddable":true,"href":"https:\/\/wahlspain.es\/pt-pt\/wp-json\/wp\/v2\/users\/33"}],"replies":[{"embeddable":true,"href":"https:\/\/wahlspain.es\/pt-pt\/wp-json\/wp\/v2\/comments?post=3172"}],"version-history":[{"count":1,"href":"https:\/\/wahlspain.es\/pt-pt\/wp-json\/wp\/v2\/pages\/3172\/revisions"}],"predecessor-version":[{"id":16646,"href":"https:\/\/wahlspain.es\/pt-pt\/wp-json\/wp\/v2\/pages\/3172\/revisions\/16646"}],"wp:attachment":[{"href":"https:\/\/wahlspain.es\/pt-pt\/wp-json\/wp\/v2\/media?parent=3172"}],"curies":[{"name":"wp","href":"https:\/\/api.w.org\/{rel}","templated":true}]}}